{"id":1215,"date":"2015-08-11T10:36:27","date_gmt":"2015-08-11T09:36:27","guid":{"rendered":"http:\/\/www.parckruger.com\/?page_id=1215"},"modified":"2015-08-18T14:21:18","modified_gmt":"2015-08-18T13:21:18","slug":"punda-maria-camp","status":"publish","type":"page","link":"https:\/\/www.parckruger.com\/nl\/punda-maria-camp\/","title":{"rendered":"Punda Maria Camp"},"content":{"rendered":"<p>[et_pb_section transparent_background=\u00a0\u00bboff\u00a0\u00bb background_color=\u00a0\u00bb#000000&Prime; allow_player_pause=\u00a0\u00bboff\u00a0\u00bb inner_shadow=\u00a0\u00bboff\u00a0\u00bb parallax=\u00a0\u00bboff\u00a0\u00bb parallax_method=\u00a0\u00bboff\u00a0\u00bb padding_mobile=\u00a0\u00bboff\u00a0\u00bb make_fullwidth=\u00a0\u00bboff\u00a0\u00bb use_custom_width=\u00a0\u00bboff\u00a0\u00bb width_unit=\u00a0\u00bbon\u00a0\u00bb make_equal=\u00a0\u00bboff\u00a0\u00bb use_custom_gutter=\u00a0\u00bboff\u00a0\u00bb][et_pb_row][et_pb_column type=\u00a0\u00bb4_4&Prime;][et_pb_text admin_label=\u00a0\u00bbTexte\u00a0\u00bb background_layout=\u00a0\u00bblight\u00a0\u00bb text_orientation=\u00a0\u00bbcenter\u00a0\u00bb use_border_color=\u00a0\u00bboff\u00a0\u00bb border_color=\u00a0\u00bb#ffffff\u00a0\u00bb border_style=\u00a0\u00bbsolid\u00a0\u00bb text_font=\u00a0\u00bb|on|||\u00a0\u00bb text_font_size=\u00a0\u00bb40&Prime; text_letter_spacing=\u00a0\u00bb2px\u00a0\u00bb text_text_color=\u00a0\u00bb#ffffff\u00a0\u00bb]<\/p>\n<p>PUNDA MARIA KAMP<\/p>\n<p>[\/et_pb_text][et_pb_text admin_label=\u00a0\u00bbTexte\u00a0\u00bb background_layout=\u00a0\u00bblight\u00a0\u00bb text_orientation=\u00a0\u00bbcenter\u00a0\u00bb use_border_color=\u00a0\u00bboff\u00a0\u00bb border_color=\u00a0\u00bb#ffffff\u00a0\u00bb border_style=\u00a0\u00bbsolid\u00a0\u00bb text_text_color=\u00a0\u00bb#ffffff\u00a0\u00bb]<\/p>\n<p>Punda Maria se trouve dans la partie la plus septentrionale du Parc National Kruger, \u00e0 8km de Punda Maria Gate.\u00a0Le camp est situ\u00e9 dans la r\u00e9gion Sandveld qui est souvent d\u00e9crit comme le jardin botanique du Parc national Kruger. Il existe de nombreuses esp\u00e8ces de plantes qui se produisent qui sont uniques \u00e0 la r\u00e9gion. Esp\u00e8ces les plus susceptibles d&rsquo;\u00eatre aper\u00e7ue de jeu incluent des impalas, des z\u00e8bres, des buffles, des \u00e9l\u00e9phants, des \u00e9lans et de sable et la r\u00e9gion est un paradis pour les oiseaux.<\/p>\n<p>[\/et_pb_text][\/et_pb_column][\/et_pb_row][\/et_pb_section][et_pb_section fullwidth=\u00a0\u00bboff\u00a0\u00bb specialty=\u00a0\u00bboff\u00a0\u00bb transparent_background=\u00a0\u00bboff\u00a0\u00bb background_color=\u00a0\u00bb#000000&Prime; allow_player_pause=\u00a0\u00bboff\u00a0\u00bb inner_shadow=\u00a0\u00bboff\u00a0\u00bb parallax=\u00a0\u00bboff\u00a0\u00bb parallax_method=\u00a0\u00bboff\u00a0\u00bb padding_mobile=\u00a0\u00bboff\u00a0\u00bb make_fullwidth=\u00a0\u00bboff\u00a0\u00bb use_custom_width=\u00a0\u00bboff\u00a0\u00bb width_unit=\u00a0\u00bbon\u00a0\u00bb make_equal=\u00a0\u00bboff\u00a0\u00bb use_custom_gutter=\u00a0\u00bboff\u00a0\u00bb][et_pb_row][et_pb_column type=\u00a0\u00bb1_3&Prime;][et_pb_text admin_label=\u00a0\u00bbTexte\u00a0\u00bb background_layout=\u00a0\u00bblight\u00a0\u00bb text_orientation=\u00a0\u00bbleft\u00a0\u00bb use_border_color=\u00a0\u00bboff\u00a0\u00bb border_color=\u00a0\u00bb#ffffff\u00a0\u00bb border_style=\u00a0\u00bbsolid\u00a0\u00bb text_text_color=\u00a0\u00bb#ffffff\u00a0\u00bb]<\/p>\n<h1 style=\"text-align: center;\"><strong><span style=\"color: #ff6600;\">Notre opinion\u00a0:<\/span><\/strong><\/h1>\n<p>Les + :<\/p>\n<ul>\n<li>Parfait pour amateurs d\u2019oiseaux<\/li>\n<\/ul>\n<p>Les &#8211; :<\/p>\n<ul>\n<li>Loin, trop simple et moins bien \u00e9quip\u00e9<\/li>\n<\/ul>\n<p>Il s\u2019agit, avec Pafuri, des deux camps situ\u00e9s dans l\u2019extr\u00eame nord par Parc Kruger. Il est un chouette halte sur votre p\u00e9riple mais pourrait \u00eatre d\u00e9cevant comme halte ou \u00e9tape principale sauf si vous \u00eates un passionn\u00e9 d\u2019oiseaux\u00a0!<\/p>\n<p>Simple et moins bien \u00e9quip\u00e9 que les grands camps du centre tel que Letaba, Satara et autre il sera plaire \u00e0 ceux qui recherchent confort, calme et espace.<\/p>\n<p>&nbsp;<\/p>\n<p>[\/et_pb_text][\/et_pb_column][et_pb_column type=\u00a0\u00bb1_3&Prime;][et_pb_text admin_label=\u00a0\u00bbTexte\u00a0\u00bb background_layout=\u00a0\u00bblight\u00a0\u00bb text_orientation=\u00a0\u00bbleft\u00a0\u00bb use_border_color=\u00a0\u00bboff\u00a0\u00bb border_color=\u00a0\u00bb#ffffff\u00a0\u00bb border_style=\u00a0\u00bbsolid\u00a0\u00bb text_text_color=\u00a0\u00bb#ffffff\u00a0\u00bb background_color=\u00a0\u00bb#000000&Prime;]<\/p>\n<h1 style=\"text-align: center;\"><span style=\"color: #ff6600;\"><strong>Facilit\u00e9s :\u00a0<\/strong><\/span><\/h1>\n<p style=\"text-align: center;\">Informations \u00e0 la r\u00e9ception<br \/>\nT\u00e9l\u00e9phone public<br \/>\nBo\u00eete aux lettres<br \/>\nrestaurant<br \/>\nablutions communales<br \/>\nPiscine<br \/>\nCaf\u00e9t\u00e9ria<br \/>\nBoutique<br \/>\nLaundromat<br \/>\nStation service<br \/>\ncuisines collectives<br \/>\nCouverts et assiettes Paniers (\u00e0 la r\u00e9ception)<br \/>\nAssistance secourisme \u00e9l\u00e9mentaire<br \/>\nT\u00e9l\u00e9viseurs (limit\u00e9 DSTV) disponible en bungalows familiaux seulement<br \/>\nDSTV (canaux limit\u00e9s) disponibles uniquement en chambres d&rsquo;h\u00f4tes et dans le hall de la t\u00e9l\u00e9vision<br \/>\nJour Visiteurs Aire de pique nique (situ\u00e9 \u00e0 8 km \u00e0 l&rsquo;ext\u00e9rieur de camp \u00e0 c\u00f4t\u00e9 de Punda Maria Gate)<br \/>\nLa r\u00e9ception de t\u00e9l\u00e9phone portable<\/p>\n<p>&nbsp;<\/p>\n<p>&nbsp;<\/p>\n<p>&nbsp;<\/p>\n<p>[\/et_pb_text][\/et_pb_column][et_pb_column type=\u00a0\u00bb1_3&Prime;][et_pb_image admin_label=\u00a0\u00bbImage\u00a0\u00bb src=\u00a0\u00bbhttp:\/\/www.parckruger.com\/wp-content\/uploads\/2015\/07\/PUNDA-MARIA-CAMP-.png\u00a0\u00bb show_in_lightbox=\u00a0\u00bbon\u00a0\u00bb url_new_window=\u00a0\u00bboff\u00a0\u00bb animation=\u00a0\u00bbright\u00a0\u00bb sticky=\u00a0\u00bboff\u00a0\u00bb align=\u00a0\u00bbleft\u00a0\u00bb force_fullwidth=\u00a0\u00bbon\u00a0\u00bb always_center_on_mobile=\u00a0\u00bbon\u00a0\u00bb use_border_color=\u00a0\u00bboff\u00a0\u00bb border_color=\u00a0\u00bb#ffffff\u00a0\u00bb border_style=\u00a0\u00bbsolid\u00a0\u00bb max_width=\u00a0\u00bb300&Prime;] [\/et_pb_image][et_pb_image admin_label=\u00a0\u00bbImage\u00a0\u00bb src=\u00a0\u00bbhttp:\/\/www.parckruger.com\/wp-content\/uploads\/2015\/08\/PUNDA-MARIA.png\u00a0\u00bb show_in_lightbox=\u00a0\u00bbon\u00a0\u00bb url_new_window=\u00a0\u00bboff\u00a0\u00bb animation=\u00a0\u00bbleft\u00a0\u00bb sticky=\u00a0\u00bbon\u00a0\u00bb align=\u00a0\u00bbcenter\u00a0\u00bb force_fullwidth=\u00a0\u00bbon\u00a0\u00bb always_center_on_mobile=\u00a0\u00bbon\u00a0\u00bb use_border_color=\u00a0\u00bboff\u00a0\u00bb border_color=\u00a0\u00bb#ffffff\u00a0\u00bb border_style=\u00a0\u00bbsolid\u00a0\u00bb max_width=\u00a0\u00bb300&Prime;] [\/et_pb_image][\/et_pb_column][\/et_pb_row][\/et_pb_section][et_pb_section fullwidth=\u00a0\u00bboff\u00a0\u00bb specialty=\u00a0\u00bboff\u00a0\u00bb transparent_background=\u00a0\u00bboff\u00a0\u00bb background_color=\u00a0\u00bb#000000&Prime; allow_player_pause=\u00a0\u00bboff\u00a0\u00bb inner_shadow=\u00a0\u00bboff\u00a0\u00bb parallax=\u00a0\u00bboff\u00a0\u00bb parallax_method=\u00a0\u00bboff\u00a0\u00bb padding_mobile=\u00a0\u00bboff\u00a0\u00bb make_fullwidth=\u00a0\u00bboff\u00a0\u00bb use_custom_width=\u00a0\u00bboff\u00a0\u00bb width_unit=\u00a0\u00bbon\u00a0\u00bb make_equal=\u00a0\u00bboff\u00a0\u00bb use_custom_gutter=\u00a0\u00bboff\u00a0\u00bb][et_pb_row][et_pb_column type=\u00a0\u00bb1_2&Prime;][et_pb_image admin_label=\u00a0\u00bbImage\u00a0\u00bb src=\u00a0\u00bbhttp:\/\/www.parckruger.com\/wp-content\/uploads\/2015\/08\/PUNDA-MARIA-CAMP-.png\u00a0\u00bb show_in_lightbox=\u00a0\u00bbon\u00a0\u00bb url_new_window=\u00a0\u00bboff\u00a0\u00bb animation=\u00a0\u00bbleft\u00a0\u00bb sticky=\u00a0\u00bboff\u00a0\u00bb align=\u00a0\u00bbleft\u00a0\u00bb force_fullwidth=\u00a0\u00bboff\u00a0\u00bb always_center_on_mobile=\u00a0\u00bbon\u00a0\u00bb use_border_color=\u00a0\u00bboff\u00a0\u00bb border_color=\u00a0\u00bb#ffffff\u00a0\u00bb border_style=\u00a0\u00bbsolid\u00a0\u00bb] [\/et_pb_image][\/et_pb_column][et_pb_column type=\u00a0\u00bb1_2&Prime;][et_pb_image admin_label=\u00a0\u00bbImage\u00a0\u00bb src=\u00a0\u00bbhttp:\/\/www.parckruger.com\/wp-content\/uploads\/2015\/07\/Capture-d\u2019\u00e9cran-2015-07-28-\u00e0-12.30.27.png\u00a0\u00bb show_in_lightbox=\u00a0\u00bbon\u00a0\u00bb url_new_window=\u00a0\u00bboff\u00a0\u00bb animation=\u00a0\u00bbleft\u00a0\u00bb sticky=\u00a0\u00bboff\u00a0\u00bb align=\u00a0\u00bbleft\u00a0\u00bb force_fullwidth=\u00a0\u00bboff\u00a0\u00bb always_center_on_mobile=\u00a0\u00bbon\u00a0\u00bb use_border_color=\u00a0\u00bboff\u00a0\u00bb border_color=\u00a0\u00bb#ffffff\u00a0\u00bb border_style=\u00a0\u00bbsolid\u00a0\u00bb] [\/et_pb_image][\/et_pb_column][\/et_pb_row][\/et_pb_section][et_pb_section fullwidth=\u00a0\u00bboff\u00a0\u00bb specialty=\u00a0\u00bboff\u00a0\u00bb transparent_background=\u00a0\u00bboff\u00a0\u00bb background_color=\u00a0\u00bb#000000&Prime; allow_player_pause=\u00a0\u00bboff\u00a0\u00bb inner_shadow=\u00a0\u00bboff\u00a0\u00bb parallax=\u00a0\u00bboff\u00a0\u00bb parallax_method=\u00a0\u00bboff\u00a0\u00bb padding_mobile=\u00a0\u00bboff\u00a0\u00bb make_fullwidth=\u00a0\u00bboff\u00a0\u00bb use_custom_width=\u00a0\u00bboff\u00a0\u00bb width_unit=\u00a0\u00bbon\u00a0\u00bb make_equal=\u00a0\u00bboff\u00a0\u00bb use_custom_gutter=\u00a0\u00bboff\u00a0\u00bb][et_pb_row][et_pb_column type=\u00a0\u00bb1_2&Prime;][et_pb_text admin_label=\u00a0\u00bbTexte\u00a0\u00bb background_layout=\u00a0\u00bblight\u00a0\u00bb text_orientation=\u00a0\u00bbcenter\u00a0\u00bb text_font=\u00a0\u00bb|on|||\u00a0\u00bb text_text_color=\u00a0\u00bb#ffffff\u00a0\u00bb use_border_color=\u00a0\u00bboff\u00a0\u00bb border_color=\u00a0\u00bb#ffffff\u00a0\u00bb border_style=\u00a0\u00bbsolid\u00a0\u00bb]<\/p>\n<p>H\u00c9BERGEMENT\u00a0PR\u00c9C\u00c9DANT<\/p>\n<p>[\/et_pb_text][et_pb_image admin_label=\u00a0\u00bbImage\u00a0\u00bb src=\u00a0\u00bbhttp:\/\/www.parckruger.com\/wp-content\/uploads\/2015\/07\/AVANT.png\u00a0\u00bb title_text=\u00a0\u00bbR\u00c9SERVE PR\u00c9C\u00c9DANTE\u00a0\u00bb show_in_lightbox=\u00a0\u00bboff\u00a0\u00bb url_new_window=\u00a0\u00bboff\u00a0\u00bb animation=\u00a0\u00bbright\u00a0\u00bb sticky=\u00a0\u00bboff\u00a0\u00bb align=\u00a0\u00bbcenter\u00a0\u00bb force_fullwidth=\u00a0\u00bboff\u00a0\u00bb always_center_on_mobile=\u00a0\u00bbon\u00a0\u00bb use_border_color=\u00a0\u00bboff\u00a0\u00bb border_color=\u00a0\u00bb#ffffff\u00a0\u00bb border_style=\u00a0\u00bbsolid\u00a0\u00bb max_width=\u00a0\u00bb250&Prime; url=\u00a0\u00bbhttp:\/\/www.parckruger.com\/pretoriuskop-camp\/\u00a0\u00bb] [\/et_pb_image][\/et_pb_column][et_pb_column type=\u00a0\u00bb1_2&Prime;][et_pb_text admin_label=\u00a0\u00bbTexte\u00a0\u00bb background_layout=\u00a0\u00bblight\u00a0\u00bb text_orientation=\u00a0\u00bbcenter\u00a0\u00bb text_text_color=\u00a0\u00bb#ffffff\u00a0\u00bb use_border_color=\u00a0\u00bboff\u00a0\u00bb border_color=\u00a0\u00bb#ffffff\u00a0\u00bb border_style=\u00a0\u00bbsolid\u00a0\u00bb text_font=\u00a0\u00bb|on|||\u00a0\u00bb]<\/p>\n<p>H\u00c9BERGEMENT\u00a0SUIVANT<\/p>\n<p>[\/et_pb_text][et_pb_image admin_label=\u00a0\u00bbImage\u00a0\u00bb src=\u00a0\u00bbhttp:\/\/www.parckruger.com\/wp-content\/uploads\/2015\/07\/APRES.png\u00a0\u00bb title_text=\u00a0\u00bbR\u00c9SERVE SUIVANTE\u00a0\u00bb show_in_lightbox=\u00a0\u00bboff\u00a0\u00bb url_new_window=\u00a0\u00bboff\u00a0\u00bb animation=\u00a0\u00bbleft\u00a0\u00bb sticky=\u00a0\u00bboff\u00a0\u00bb align=\u00a0\u00bbcenter\u00a0\u00bb force_fullwidth=\u00a0\u00bboff\u00a0\u00bb always_center_on_mobile=\u00a0\u00bbon\u00a0\u00bb use_border_color=\u00a0\u00bboff\u00a0\u00bb border_color=\u00a0\u00bb#ffffff\u00a0\u00bb border_style=\u00a0\u00bbsolid\u00a0\u00bb max_width=\u00a0\u00bb250&Prime; url=\u00a0\u00bbhttp:\/\/www.parckruger.com\/roodewal-camp\/\u00a0\u00bb] [\/et_pb_image][\/et_pb_column][\/et_pb_row][\/et_pb_section]<\/p>","protected":false},"excerpt":{"rendered":"<p><div class=\"et_pb_row et_pb_row_0 et_pb_row_empty\">\n\t\t\t\t\n\t\t\t\t\n\t\t\t\t\n\t\t\t\t\n\t\t\t\t\n\t\t\t<\/div> PUNDA MARIA CAMP Punda Maria se trouve dans la partie la plus septentrionale du Parc National Kruger, \u00e0 8km de Punda Maria Gate.\u00a0Le camp est situ\u00e9 dans la r\u00e9gion Sandveld qui est souvent d\u00e9crit comme le jardin botanique du Parc national Kruger. Il existe de nombreuses esp\u00e8ces de plantes qui se produisent qui sont [&hellip;]<\/p>","protected":false},"author":1,"featured_media":0,"parent":0,"menu_order":0,"comment_status":"closed","ping_status":"closed","template":"","meta":{"_et_pb_use_builder":"on","_et_pb_old_content":"","_et_gb_content_width":"","footnotes":""},"class_list":["post-1215","page","type-page","status-publish","hentry"],"yoast_head":"<!-- This site is optimized with the Yoast SEO plugin v26.5 - https:\/\/yoast.com\/wordpress\/plugins\/seo\/ -->\n<title>Punda Maria Camp - Parc Kruger - Safari Afrique du Sud<\/title>\n<meta name=\"description\" content=\"Toutes les infos sur punda maria camp au kruger ! D\u00e9couvrez notre avi sur ce logement d&#039;Afrique du Sud, ainsi que ces activit\u00e9s !\" \/>\n<meta name=\"robots\" content=\"index, follow, max-snippet:-1, max-image-preview:large, max-video-preview:-1\" \/>\n<link rel=\"canonical\" href=\"https:\/\/www.parckruger.com\/nl\/punda-maria-camp\/\" \/>\n<meta property=\"og:locale\" content=\"nl_NL\" \/>\n<meta property=\"og:type\" content=\"article\" \/>\n<meta property=\"og:title\" content=\"Punda Maria Camp - Parc Kruger - Safari Afrique du Sud\" \/>\n<meta property=\"og:description\" content=\"Toutes les infos sur punda maria camp au kruger ! D\u00e9couvrez notre avi sur ce logement d&#039;Afrique du Sud, ainsi que ces activit\u00e9s !\" \/>\n<meta property=\"og:url\" content=\"https:\/\/www.parckruger.com\/nl\/punda-maria-camp\/\" \/>\n<meta property=\"og:site_name\" content=\"Parc Kruger - Safari Afrique du Sud\" \/>\n<meta property=\"article:modified_time\" content=\"2015-08-18T13:21:18+00:00\" \/>\n<meta name=\"twitter:card\" content=\"summary_large_image\" \/>\n<meta name=\"twitter:label1\" content=\"Geschatte leestijd\" \/>\n\t<meta name=\"twitter:data1\" content=\"5 minuten\" \/>\n<script type=\"application\/ld+json\" class=\"yoast-schema-graph\">{\"@context\":\"https:\/\/schema.org\",\"@graph\":[{\"@type\":\"WebPage\",\"@id\":\"https:\/\/www.parckruger.com\/punda-maria-camp\/\",\"url\":\"https:\/\/www.parckruger.com\/punda-maria-camp\/\",\"name\":\"Punda Maria Camp - Parc Kruger - Safari Afrique du Sud\",\"isPartOf\":{\"@id\":\"https:\/\/www.parckruger.com\/#website\"},\"datePublished\":\"2015-08-11T09:36:27+00:00\",\"dateModified\":\"2015-08-18T13:21:18+00:00\",\"description\":\"Toutes les infos sur punda maria camp au kruger ! D\u00e9couvrez notre avi sur ce logement d'Afrique du Sud, ainsi que ces activit\u00e9s !\",\"breadcrumb\":{\"@id\":\"https:\/\/www.parckruger.com\/punda-maria-camp\/#breadcrumb\"},\"inLanguage\":\"nl-NL\",\"potentialAction\":[{\"@type\":\"ReadAction\",\"target\":[\"https:\/\/www.parckruger.com\/punda-maria-camp\/\"]}]},{\"@type\":\"BreadcrumbList\",\"@id\":\"https:\/\/www.parckruger.com\/punda-maria-camp\/#breadcrumb\",\"itemListElement\":[{\"@type\":\"ListItem\",\"position\":1,\"name\":\"Accueil\",\"item\":\"https:\/\/www.parckruger.com\/\"},{\"@type\":\"ListItem\",\"position\":2,\"name\":\"Punda Maria Camp\"}]},{\"@type\":\"WebSite\",\"@id\":\"https:\/\/www.parckruger.com\/#website\",\"url\":\"https:\/\/www.parckruger.com\/\",\"name\":\"Parc Kruger - Safari Afrique du Sud\",\"description\":\"Toutes les infos utiles sur le parc Kruger en Afrique du sud, hotel et lodges, m\u00e9t\u00e9o et climat, prix d&#039;entr\u00e9e, vaccins, malaria, safaris, r\u00e9serves, cartes, plans et itin\u00e9raires.\",\"potentialAction\":[{\"@type\":\"SearchAction\",\"target\":{\"@type\":\"EntryPoint\",\"urlTemplate\":\"https:\/\/www.parckruger.com\/?s={search_term_string}\"},\"query-input\":{\"@type\":\"PropertyValueSpecification\",\"valueRequired\":true,\"valueName\":\"search_term_string\"}}],\"inLanguage\":\"nl-NL\"}]}<\/script>\n<!-- \/ Yoast SEO plugin. -->","yoast_head_json":{"title":"Punda Maria Camp - Parc Kruger - Safari Afrique du Sud","description":"Toutes les infos sur punda maria camp au kruger ! D\u00e9couvrez notre avi sur ce logement d'Afrique du Sud, ainsi que ces activit\u00e9s !","robots":{"index":"index","follow":"follow","max-snippet":"max-snippet:-1","max-image-preview":"max-image-preview:large","max-video-preview":"max-video-preview:-1"},"canonical":"https:\/\/www.parckruger.com\/nl\/punda-maria-camp\/","og_locale":"nl_NL","og_type":"article","og_title":"Punda Maria Camp - Parc Kruger - Safari Afrique du Sud","og_description":"Toutes les infos sur punda maria camp au kruger ! D\u00e9couvrez notre avi sur ce logement d'Afrique du Sud, ainsi que ces activit\u00e9s !","og_url":"https:\/\/www.parckruger.com\/nl\/punda-maria-camp\/","og_site_name":"Parc Kruger - Safari Afrique du Sud","article_modified_time":"2015-08-18T13:21:18+00:00","twitter_card":"summary_large_image","twitter_misc":{"Geschatte leestijd":"5 minuten"},"schema":{"@context":"https:\/\/schema.org","@graph":[{"@type":"WebPage","@id":"https:\/\/www.parckruger.com\/punda-maria-camp\/","url":"https:\/\/www.parckruger.com\/punda-maria-camp\/","name":"Punda Maria Camp - Parc Kruger - Safari Afrique du Sud","isPartOf":{"@id":"https:\/\/www.parckruger.com\/#website"},"datePublished":"2015-08-11T09:36:27+00:00","dateModified":"2015-08-18T13:21:18+00:00","description":"Toutes les infos sur punda maria camp au kruger ! D\u00e9couvrez notre avi sur ce logement d'Afrique du Sud, ainsi que ces activit\u00e9s !","breadcrumb":{"@id":"https:\/\/www.parckruger.com\/punda-maria-camp\/#breadcrumb"},"inLanguage":"nl-NL","potentialAction":[{"@type":"ReadAction","target":["https:\/\/www.parckruger.com\/punda-maria-camp\/"]}]},{"@type":"BreadcrumbList","@id":"https:\/\/www.parckruger.com\/punda-maria-camp\/#breadcrumb","itemListElement":[{"@type":"ListItem","position":1,"name":"Accueil","item":"https:\/\/www.parckruger.com\/"},{"@type":"ListItem","position":2,"name":"Punda Maria Camp"}]},{"@type":"WebSite","@id":"https:\/\/www.parckruger.com\/#website","url":"https:\/\/www.parckruger.com\/","name":"Parc Kruger - Safari Afrique du Sud","description":"Toutes les infos utiles sur le parc Kruger en Afrique du sud, hotel et lodges, m\u00e9t\u00e9o et climat, prix d&#039;entr\u00e9e, vaccins, malaria, safaris, r\u00e9serves, cartes, plans et itin\u00e9raires.","potentialAction":[{"@type":"SearchAction","target":{"@type":"EntryPoint","urlTemplate":"https:\/\/www.parckruger.com\/?s={search_term_string}"},"query-input":{"@type":"PropertyValueSpecification","valueRequired":true,"valueName":"search_term_string"}}],"inLanguage":"nl-NL"}]}},"_links":{"self":[{"href":"https:\/\/www.parckruger.com\/nl\/wp-json\/wp\/v2\/pages\/1215","targetHints":{"allow":["GET"]}}],"collection":[{"href":"https:\/\/www.parckruger.com\/nl\/wp-json\/wp\/v2\/pages"}],"about":[{"href":"https:\/\/www.parckruger.com\/nl\/wp-json\/wp\/v2\/types\/page"}],"author":[{"embeddable":true,"href":"https:\/\/www.parckruger.com\/nl\/wp-json\/wp\/v2\/users\/1"}],"replies":[{"embeddable":true,"href":"https:\/\/www.parckruger.com\/nl\/wp-json\/wp\/v2\/comments?post=1215"}],"version-history":[{"count":6,"href":"https:\/\/www.parckruger.com\/nl\/wp-json\/wp\/v2\/pages\/1215\/revisions"}],"predecessor-version":[{"id":1637,"href":"https:\/\/www.parckruger.com\/nl\/wp-json\/wp\/v2\/pages\/1215\/revisions\/1637"}],"wp:attachment":[{"href":"https:\/\/www.parckruger.com\/nl\/wp-json\/wp\/v2\/media?parent=1215"}],"curies":[{"name":"wp","href":"https:\/\/api.w.org\/{rel}","templated":true}]}}