{"id":1220,"date":"2015-08-11T10:43:48","date_gmt":"2015-08-11T09:43:48","guid":{"rendered":"http:\/\/www.parckruger.com\/?page_id=1220"},"modified":"2015-08-18T15:01:28","modified_gmt":"2015-08-18T14:01:28","slug":"biyamiti-bushveld-camp","status":"publish","type":"page","link":"https:\/\/www.parckruger.com\/nl\/biyamiti-bushveld-camp\/","title":{"rendered":"Biyamiti bushveld camp"},"content":{"rendered":"<p>[et_pb_section transparent_background=\u00a0\u00bboff\u00a0\u00bb background_color=\u00a0\u00bb#000000&Prime; allow_player_pause=\u00a0\u00bboff\u00a0\u00bb inner_shadow=\u00a0\u00bboff\u00a0\u00bb parallax=\u00a0\u00bboff\u00a0\u00bb parallax_method=\u00a0\u00bboff\u00a0\u00bb padding_mobile=\u00a0\u00bboff\u00a0\u00bb make_fullwidth=\u00a0\u00bboff\u00a0\u00bb use_custom_width=\u00a0\u00bboff\u00a0\u00bb width_unit=\u00a0\u00bbon\u00a0\u00bb make_equal=\u00a0\u00bboff\u00a0\u00bb use_custom_gutter=\u00a0\u00bboff\u00a0\u00bb][et_pb_row][et_pb_column type=\u00a0\u00bb4_4&Prime;][et_pb_text admin_label=\u00a0\u00bbTexte\u00a0\u00bb background_layout=\u00a0\u00bblight\u00a0\u00bb text_orientation=\u00a0\u00bbcenter\u00a0\u00bb use_border_color=\u00a0\u00bboff\u00a0\u00bb border_color=\u00a0\u00bb#ffffff\u00a0\u00bb border_style=\u00a0\u00bbsolid\u00a0\u00bb text_font=\u00a0\u00bb|on|||\u00a0\u00bb text_font_size=\u00a0\u00bb40&Prime; text_letter_spacing=\u00a0\u00bb2px\u00a0\u00bb text_text_color=\u00a0\u00bb#ffffff\u00a0\u00bb]<\/p>\n<p>BIYAMITI BUSHVELD CAMP :<\/p>\n<p>[\/et_pb_text][et_pb_text admin_label=\u00a0\u00bbTexte\u00a0\u00bb background_layout=\u00a0\u00bblight\u00a0\u00bb text_orientation=\u00a0\u00bbcenter\u00a0\u00bb use_border_color=\u00a0\u00bboff\u00a0\u00bb border_color=\u00a0\u00bb#ffffff\u00a0\u00bb border_style=\u00a0\u00bbsolid\u00a0\u00bb text_text_color=\u00a0\u00bb#ffffff\u00a0\u00bb]<\/p>\n<p>Confortablement situ\u00e9 \u00e0 c\u00f4t\u00e9 de la rivi\u00e8re Mbiyamiti du Parc national Kruger, camp Biyamiti offre une satisfaisante exp\u00e9rience de camping. Un endroit id\u00e9al pour rep\u00e9rer les animaux, couch\u00e9s \u00e0 l&rsquo;ombre de l&rsquo;un des arbres pittoresques Wild Fig ou profiter d&rsquo;un braai tout nich\u00e9 dans les fourr\u00e9s Delgoa qui sont si populaires dans ce domaine. Historiquement, les coureurs de wagons afrikaans seraient orienter leurs attelages de b\u0153ufs \u00e0 travers cette r\u00e9gion, passant en bas plusieurs voies de transport \u00e0 proximit\u00e9 de l&rsquo;actuel camp de jour.<\/p>\n<p>[\/et_pb_text][\/et_pb_column][\/et_pb_row][\/et_pb_section][et_pb_section fullwidth=\u00a0\u00bboff\u00a0\u00bb specialty=\u00a0\u00bboff\u00a0\u00bb transparent_background=\u00a0\u00bboff\u00a0\u00bb background_color=\u00a0\u00bb#000000&Prime; allow_player_pause=\u00a0\u00bboff\u00a0\u00bb inner_shadow=\u00a0\u00bboff\u00a0\u00bb parallax=\u00a0\u00bboff\u00a0\u00bb parallax_method=\u00a0\u00bboff\u00a0\u00bb padding_mobile=\u00a0\u00bboff\u00a0\u00bb make_fullwidth=\u00a0\u00bboff\u00a0\u00bb use_custom_width=\u00a0\u00bboff\u00a0\u00bb width_unit=\u00a0\u00bbon\u00a0\u00bb make_equal=\u00a0\u00bboff\u00a0\u00bb use_custom_gutter=\u00a0\u00bboff\u00a0\u00bb][et_pb_row][et_pb_column type=\u00a0\u00bb1_3&Prime;][et_pb_text admin_label=\u00a0\u00bbTexte\u00a0\u00bb background_layout=\u00a0\u00bblight\u00a0\u00bb text_orientation=\u00a0\u00bbleft\u00a0\u00bb use_border_color=\u00a0\u00bboff\u00a0\u00bb border_color=\u00a0\u00bb#ffffff\u00a0\u00bb border_style=\u00a0\u00bbsolid\u00a0\u00bb text_text_color=\u00a0\u00bb#ffffff\u00a0\u00bb]<\/p>\n<h1 style=\"text-align: center;\"><strong><span style=\"color: #ff6600;\">Notre opinion\u00a0:<\/span><\/strong><\/h1>\n<p>Les + :<\/p>\n<ul>\n<li>Isol\u00e9, un v\u00e9ritable camp de bush<\/li>\n<li>Les animaux y sont souvent observ\u00e9s<\/li>\n<\/ul>\n<p>Les &#8211; :<\/p>\n<ul>\n<li>Un peu isol\u00e9, en saison s\u00e8che les animaux se rassemblent plus loin du cot\u00e9 de la Lower Sabie River<\/li>\n<\/ul>\n<p>&nbsp;<\/p>\n<p>Voici comme Bateleur un v\u00e9ritable bush camp, l\u00e0 o\u00f9 l\u2019on peut s\u2019attendre \u00e0 une immersion totale\u2026 Tranquillit\u00e9 et relaxation au rendez-vous\u00a0mais attention \u00e0 ceux qui pr\u00e9f\u00e8re restaurant et magasins, ici c\u2019est plut\u00f4t la simplicit\u00e9\u00a0qui pr\u00e9domine.<\/p>\n<p>[\/et_pb_text][\/et_pb_column][et_pb_column type=\u00a0\u00bb1_3&Prime;][et_pb_text admin_label=\u00a0\u00bbTexte\u00a0\u00bb background_layout=\u00a0\u00bblight\u00a0\u00bb text_orientation=\u00a0\u00bbleft\u00a0\u00bb use_border_color=\u00a0\u00bboff\u00a0\u00bb border_color=\u00a0\u00bb#ffffff\u00a0\u00bb border_style=\u00a0\u00bbsolid\u00a0\u00bb text_text_color=\u00a0\u00bb#ffffff\u00a0\u00bb background_color=\u00a0\u00bb#000000&Prime;]<\/p>\n<h1 style=\"text-align: center;\"><span style=\"color: #ff6600;\"><strong>Facilit\u00e9s :\u00a0<\/strong><\/span><\/h1>\n<p style=\"text-align: center;\">Les premiers soins de base<br \/>\nChaque unit\u00e9 de logement a ses propres braai (barbecue) installations<br \/>\nInformations \u00e0 la r\u00e9ception<br \/>\nT\u00e9l\u00e9phone public<br \/>\nElectricit\u00e9 (points de modules) pour les appareils dans les unit\u00e9s d&rsquo;h\u00e9bergement<br \/>\nMini boutique \u00e0 la r\u00e9ception avec base disponible pi\u00e8ces telles que le bois, la glace et Telkom cartes de t\u00e9l\u00e9phone<br \/>\nPas de produits alimentaires ou de la viande disponibles \u00e0 la boutique<\/p>\n<p>&nbsp;<\/p>\n<p>&nbsp;<\/p>\n<p>&nbsp;<\/p>\n<p>&nbsp;<\/p>\n<p>[\/et_pb_text][\/et_pb_column][et_pb_column type=\u00a0\u00bb1_3&Prime;][et_pb_image admin_label=\u00a0\u00bbImage\u00a0\u00bb src=\u00a0\u00bbhttp:\/\/www.parckruger.com\/wp-content\/uploads\/2015\/07\/BIYAMITI-BUSHVELD.png\u00a0\u00bb show_in_lightbox=\u00a0\u00bbon\u00a0\u00bb url_new_window=\u00a0\u00bboff\u00a0\u00bb animation=\u00a0\u00bbright\u00a0\u00bb sticky=\u00a0\u00bboff\u00a0\u00bb align=\u00a0\u00bbleft\u00a0\u00bb force_fullwidth=\u00a0\u00bbon\u00a0\u00bb always_center_on_mobile=\u00a0\u00bbon\u00a0\u00bb use_border_color=\u00a0\u00bboff\u00a0\u00bb border_color=\u00a0\u00bb#ffffff\u00a0\u00bb border_style=\u00a0\u00bbsolid\u00a0\u00bb max_width=\u00a0\u00bb300&Prime;] [\/et_pb_image][et_pb_image admin_label=\u00a0\u00bbImage\u00a0\u00bb src=\u00a0\u00bbhttp:\/\/www.parckruger.com\/wp-content\/uploads\/2015\/08\/biyamity-.png\u00a0\u00bb show_in_lightbox=\u00a0\u00bbon\u00a0\u00bb url_new_window=\u00a0\u00bboff\u00a0\u00bb animation=\u00a0\u00bbleft\u00a0\u00bb sticky=\u00a0\u00bbon\u00a0\u00bb align=\u00a0\u00bbcenter\u00a0\u00bb force_fullwidth=\u00a0\u00bbon\u00a0\u00bb always_center_on_mobile=\u00a0\u00bbon\u00a0\u00bb use_border_color=\u00a0\u00bboff\u00a0\u00bb border_color=\u00a0\u00bb#ffffff\u00a0\u00bb border_style=\u00a0\u00bbsolid\u00a0\u00bb max_width=\u00a0\u00bb300&Prime;] [\/et_pb_image][\/et_pb_column][\/et_pb_row][\/et_pb_section][et_pb_section fullwidth=\u00a0\u00bboff\u00a0\u00bb specialty=\u00a0\u00bboff\u00a0\u00bb transparent_background=\u00a0\u00bboff\u00a0\u00bb background_color=\u00a0\u00bb#000000&Prime; allow_player_pause=\u00a0\u00bboff\u00a0\u00bb inner_shadow=\u00a0\u00bboff\u00a0\u00bb parallax=\u00a0\u00bboff\u00a0\u00bb parallax_method=\u00a0\u00bboff\u00a0\u00bb padding_mobile=\u00a0\u00bboff\u00a0\u00bb make_fullwidth=\u00a0\u00bboff\u00a0\u00bb use_custom_width=\u00a0\u00bboff\u00a0\u00bb width_unit=\u00a0\u00bbon\u00a0\u00bb make_equal=\u00a0\u00bboff\u00a0\u00bb use_custom_gutter=\u00a0\u00bboff\u00a0\u00bb][et_pb_row][et_pb_column type=\u00a0\u00bb1_2&Prime;][et_pb_image admin_label=\u00a0\u00bbImage\u00a0\u00bb src=\u00a0\u00bbhttp:\/\/www.parckruger.com\/wp-content\/uploads\/2015\/08\/BIYAMITI-MAP-.jpg\u00a0\u00bb show_in_lightbox=\u00a0\u00bbon\u00a0\u00bb url_new_window=\u00a0\u00bboff\u00a0\u00bb animation=\u00a0\u00bbleft\u00a0\u00bb sticky=\u00a0\u00bboff\u00a0\u00bb align=\u00a0\u00bbleft\u00a0\u00bb force_fullwidth=\u00a0\u00bboff\u00a0\u00bb always_center_on_mobile=\u00a0\u00bbon\u00a0\u00bb use_border_color=\u00a0\u00bboff\u00a0\u00bb border_color=\u00a0\u00bb#ffffff\u00a0\u00bb border_style=\u00a0\u00bbsolid\u00a0\u00bb] [\/et_pb_image][\/et_pb_column][et_pb_column type=\u00a0\u00bb1_2&Prime;][et_pb_image admin_label=\u00a0\u00bbImage\u00a0\u00bb src=\u00a0\u00bbhttp:\/\/www.parckruger.com\/wp-content\/uploads\/2015\/07\/Capture-d\u2019\u00e9cran-2015-07-28-\u00e0-12.30.27.png\u00a0\u00bb show_in_lightbox=\u00a0\u00bbon\u00a0\u00bb url_new_window=\u00a0\u00bboff\u00a0\u00bb animation=\u00a0\u00bbleft\u00a0\u00bb sticky=\u00a0\u00bboff\u00a0\u00bb align=\u00a0\u00bbleft\u00a0\u00bb force_fullwidth=\u00a0\u00bboff\u00a0\u00bb always_center_on_mobile=\u00a0\u00bbon\u00a0\u00bb use_border_color=\u00a0\u00bboff\u00a0\u00bb border_color=\u00a0\u00bb#ffffff\u00a0\u00bb border_style=\u00a0\u00bbsolid\u00a0\u00bb] [\/et_pb_image][\/et_pb_column][\/et_pb_row][\/et_pb_section][et_pb_section fullwidth=\u00a0\u00bboff\u00a0\u00bb specialty=\u00a0\u00bboff\u00a0\u00bb transparent_background=\u00a0\u00bboff\u00a0\u00bb background_color=\u00a0\u00bb#000000&Prime; allow_player_pause=\u00a0\u00bboff\u00a0\u00bb inner_shadow=\u00a0\u00bboff\u00a0\u00bb parallax=\u00a0\u00bboff\u00a0\u00bb parallax_method=\u00a0\u00bboff\u00a0\u00bb padding_mobile=\u00a0\u00bboff\u00a0\u00bb make_fullwidth=\u00a0\u00bboff\u00a0\u00bb use_custom_width=\u00a0\u00bboff\u00a0\u00bb width_unit=\u00a0\u00bbon\u00a0\u00bb make_equal=\u00a0\u00bboff\u00a0\u00bb use_custom_gutter=\u00a0\u00bboff\u00a0\u00bb][et_pb_row][et_pb_column type=\u00a0\u00bb1_2&Prime;][et_pb_text admin_label=\u00a0\u00bbTexte\u00a0\u00bb background_layout=\u00a0\u00bblight\u00a0\u00bb text_orientation=\u00a0\u00bbcenter\u00a0\u00bb text_font=\u00a0\u00bb|on|||\u00a0\u00bb text_text_color=\u00a0\u00bb#ffffff\u00a0\u00bb use_border_color=\u00a0\u00bboff\u00a0\u00bb border_color=\u00a0\u00bb#ffffff\u00a0\u00bb border_style=\u00a0\u00bbsolid\u00a0\u00bb]<\/p>\n<p>H\u00c9BERGEMENT\u00a0PR\u00c9C\u00c9DANT<\/p>\n<p>[\/et_pb_text][et_pb_image admin_label=\u00a0\u00bbImage\u00a0\u00bb src=\u00a0\u00bbhttp:\/\/www.parckruger.com\/wp-content\/uploads\/2015\/07\/AVANT.png\u00a0\u00bb title_text=\u00a0\u00bbR\u00c9SERVE PR\u00c9C\u00c9DANTE\u00a0\u00bb show_in_lightbox=\u00a0\u00bboff\u00a0\u00bb url_new_window=\u00a0\u00bboff\u00a0\u00bb animation=\u00a0\u00bbright\u00a0\u00bb sticky=\u00a0\u00bboff\u00a0\u00bb align=\u00a0\u00bbcenter\u00a0\u00bb force_fullwidth=\u00a0\u00bboff\u00a0\u00bb always_center_on_mobile=\u00a0\u00bbon\u00a0\u00bb use_border_color=\u00a0\u00bboff\u00a0\u00bb border_color=\u00a0\u00bb#ffffff\u00a0\u00bb border_style=\u00a0\u00bbsolid\u00a0\u00bb max_width=\u00a0\u00bb250&Prime; url=\u00a0\u00bbhttp:\/\/www.parckruger.com\/berg-en-dal-camp\/\u00a0\u00bb] [\/et_pb_image][\/et_pb_column][et_pb_column type=\u00a0\u00bb1_2&Prime;][et_pb_text admin_label=\u00a0\u00bbTexte\u00a0\u00bb background_layout=\u00a0\u00bblight\u00a0\u00bb text_orientation=\u00a0\u00bbcenter\u00a0\u00bb text_text_color=\u00a0\u00bb#ffffff\u00a0\u00bb use_border_color=\u00a0\u00bboff\u00a0\u00bb border_color=\u00a0\u00bb#ffffff\u00a0\u00bb border_style=\u00a0\u00bbsolid\u00a0\u00bb text_font=\u00a0\u00bb|on|||\u00a0\u00bb]<\/p>\n<p>H\u00c9BERGEMENT\u00a0SUIVANT<\/p>\n<p>[\/et_pb_text][et_pb_image admin_label=\u00a0\u00bbImage\u00a0\u00bb src=\u00a0\u00bbhttp:\/\/www.parckruger.com\/wp-content\/uploads\/2015\/07\/APRES.png\u00a0\u00bb title_text=\u00a0\u00bbR\u00c9SERVE SUIVANTE\u00a0\u00bb show_in_lightbox=\u00a0\u00bboff\u00a0\u00bb url_new_window=\u00a0\u00bboff\u00a0\u00bb animation=\u00a0\u00bbleft\u00a0\u00bb sticky=\u00a0\u00bboff\u00a0\u00bb align=\u00a0\u00bbcenter\u00a0\u00bb force_fullwidth=\u00a0\u00bboff\u00a0\u00bb always_center_on_mobile=\u00a0\u00bbon\u00a0\u00bb use_border_color=\u00a0\u00bboff\u00a0\u00bb border_color=\u00a0\u00bb#ffffff\u00a0\u00bb border_style=\u00a0\u00bbsolid\u00a0\u00bb max_width=\u00a0\u00bb250&Prime; url=\u00a0\u00bbhttp:\/\/www.parckruger.com\/boulders-bush-camp\/\u00a0\u00bb] [\/et_pb_image][\/et_pb_column][\/et_pb_row][\/et_pb_section]<\/p>","protected":false},"excerpt":{"rendered":"<p><div class=\"et_pb_row et_pb_row_0 et_pb_row_empty\">\n\t\t\t\t\n\t\t\t\t\n\t\t\t\t\n\t\t\t\t\n\t\t\t\t\n\t\t\t<\/div> BIYAMITI BUSHVELD CAMP : Confortablement situ\u00e9 \u00e0 c\u00f4t\u00e9 de la rivi\u00e8re Mbiyamiti du Parc national Kruger, camp Biyamiti offre une satisfaisante exp\u00e9rience de camping. Un endroit id\u00e9al pour rep\u00e9rer les animaux, couch\u00e9s \u00e0 l&rsquo;ombre de l&rsquo;un des arbres pittoresques Wild Fig ou profiter d&rsquo;un braai tout nich\u00e9 dans les fourr\u00e9s Delgoa qui sont si [&hellip;]<\/p>","protected":false},"author":1,"featured_media":0,"parent":0,"menu_order":0,"comment_status":"closed","ping_status":"closed","template":"","meta":{"_et_pb_use_builder":"on","_et_pb_old_content":"","_et_gb_content_width":"","footnotes":""},"class_list":["post-1220","page","type-page","status-publish","hentry"],"yoast_head":"<!-- This site is optimized with the Yoast SEO plugin v26.5 - https:\/\/yoast.com\/wordpress\/plugins\/seo\/ -->\n<title>Biyamiti bushveld camp - Parc Kruger - Safari Afrique du Sud<\/title>\n<meta name=\"description\" content=\"Toutes les infos sur biyamiti bushveld camp au kruger ! D\u00e9couvrez notre avi sur ce logement d&#039;Afrique du Sud, ainsi que ces activit\u00e9s !\" \/>\n<meta name=\"robots\" content=\"index, follow, max-snippet:-1, max-image-preview:large, max-video-preview:-1\" \/>\n<link rel=\"canonical\" href=\"https:\/\/www.parckruger.com\/nl\/biyamiti-bushveld-camp\/\" \/>\n<meta property=\"og:locale\" content=\"nl_NL\" \/>\n<meta property=\"og:type\" content=\"article\" \/>\n<meta property=\"og:title\" content=\"Biyamiti bushveld camp - Parc Kruger - Safari Afrique du Sud\" \/>\n<meta property=\"og:description\" content=\"Toutes les infos sur biyamiti bushveld camp au kruger ! D\u00e9couvrez notre avi sur ce logement d&#039;Afrique du Sud, ainsi que ces activit\u00e9s !\" \/>\n<meta property=\"og:url\" content=\"https:\/\/www.parckruger.com\/nl\/biyamiti-bushveld-camp\/\" \/>\n<meta property=\"og:site_name\" content=\"Parc Kruger - Safari Afrique du Sud\" \/>\n<meta property=\"article:modified_time\" content=\"2015-08-18T14:01:28+00:00\" \/>\n<meta name=\"twitter:card\" content=\"summary_large_image\" \/>\n<meta name=\"twitter:label1\" content=\"Geschatte leestijd\" \/>\n\t<meta name=\"twitter:data1\" content=\"5 minuten\" \/>\n<script type=\"application\/ld+json\" class=\"yoast-schema-graph\">{\"@context\":\"https:\/\/schema.org\",\"@graph\":[{\"@type\":\"WebPage\",\"@id\":\"https:\/\/www.parckruger.com\/biyamiti-bushveld-camp\/\",\"url\":\"https:\/\/www.parckruger.com\/biyamiti-bushveld-camp\/\",\"name\":\"Biyamiti bushveld camp - Parc Kruger - Safari Afrique du Sud\",\"isPartOf\":{\"@id\":\"https:\/\/www.parckruger.com\/#website\"},\"datePublished\":\"2015-08-11T09:43:48+00:00\",\"dateModified\":\"2015-08-18T14:01:28+00:00\",\"description\":\"Toutes les infos sur biyamiti bushveld camp au kruger ! D\u00e9couvrez notre avi sur ce logement d'Afrique du Sud, ainsi que ces activit\u00e9s !\",\"breadcrumb\":{\"@id\":\"https:\/\/www.parckruger.com\/biyamiti-bushveld-camp\/#breadcrumb\"},\"inLanguage\":\"nl-NL\",\"potentialAction\":[{\"@type\":\"ReadAction\",\"target\":[\"https:\/\/www.parckruger.com\/biyamiti-bushveld-camp\/\"]}]},{\"@type\":\"BreadcrumbList\",\"@id\":\"https:\/\/www.parckruger.com\/biyamiti-bushveld-camp\/#breadcrumb\",\"itemListElement\":[{\"@type\":\"ListItem\",\"position\":1,\"name\":\"Accueil\",\"item\":\"https:\/\/www.parckruger.com\/\"},{\"@type\":\"ListItem\",\"position\":2,\"name\":\"Biyamiti bushveld camp\"}]},{\"@type\":\"WebSite\",\"@id\":\"https:\/\/www.parckruger.com\/#website\",\"url\":\"https:\/\/www.parckruger.com\/\",\"name\":\"Parc Kruger - Safari Afrique du Sud\",\"description\":\"Toutes les infos utiles sur le parc Kruger en Afrique du sud, hotel et lodges, m\u00e9t\u00e9o et climat, prix d&#039;entr\u00e9e, vaccins, malaria, safaris, r\u00e9serves, cartes, plans et itin\u00e9raires.\",\"potentialAction\":[{\"@type\":\"SearchAction\",\"target\":{\"@type\":\"EntryPoint\",\"urlTemplate\":\"https:\/\/www.parckruger.com\/?s={search_term_string}\"},\"query-input\":{\"@type\":\"PropertyValueSpecification\",\"valueRequired\":true,\"valueName\":\"search_term_string\"}}],\"inLanguage\":\"nl-NL\"}]}<\/script>\n<!-- \/ Yoast SEO plugin. -->","yoast_head_json":{"title":"Biyamiti bushveld camp - Parc Kruger - Safari Afrique du Sud","description":"Toutes les infos sur biyamiti bushveld camp au kruger ! D\u00e9couvrez notre avi sur ce logement d'Afrique du Sud, ainsi que ces activit\u00e9s !","robots":{"index":"index","follow":"follow","max-snippet":"max-snippet:-1","max-image-preview":"max-image-preview:large","max-video-preview":"max-video-preview:-1"},"canonical":"https:\/\/www.parckruger.com\/nl\/biyamiti-bushveld-camp\/","og_locale":"nl_NL","og_type":"article","og_title":"Biyamiti bushveld camp - Parc Kruger - Safari Afrique du Sud","og_description":"Toutes les infos sur biyamiti bushveld camp au kruger ! D\u00e9couvrez notre avi sur ce logement d'Afrique du Sud, ainsi que ces activit\u00e9s !","og_url":"https:\/\/www.parckruger.com\/nl\/biyamiti-bushveld-camp\/","og_site_name":"Parc Kruger - Safari Afrique du Sud","article_modified_time":"2015-08-18T14:01:28+00:00","twitter_card":"summary_large_image","twitter_misc":{"Geschatte leestijd":"5 minuten"},"schema":{"@context":"https:\/\/schema.org","@graph":[{"@type":"WebPage","@id":"https:\/\/www.parckruger.com\/biyamiti-bushveld-camp\/","url":"https:\/\/www.parckruger.com\/biyamiti-bushveld-camp\/","name":"Biyamiti bushveld camp - Parc Kruger - Safari Afrique du Sud","isPartOf":{"@id":"https:\/\/www.parckruger.com\/#website"},"datePublished":"2015-08-11T09:43:48+00:00","dateModified":"2015-08-18T14:01:28+00:00","description":"Toutes les infos sur biyamiti bushveld camp au kruger ! D\u00e9couvrez notre avi sur ce logement d'Afrique du Sud, ainsi que ces activit\u00e9s !","breadcrumb":{"@id":"https:\/\/www.parckruger.com\/biyamiti-bushveld-camp\/#breadcrumb"},"inLanguage":"nl-NL","potentialAction":[{"@type":"ReadAction","target":["https:\/\/www.parckruger.com\/biyamiti-bushveld-camp\/"]}]},{"@type":"BreadcrumbList","@id":"https:\/\/www.parckruger.com\/biyamiti-bushveld-camp\/#breadcrumb","itemListElement":[{"@type":"ListItem","position":1,"name":"Accueil","item":"https:\/\/www.parckruger.com\/"},{"@type":"ListItem","position":2,"name":"Biyamiti bushveld camp"}]},{"@type":"WebSite","@id":"https:\/\/www.parckruger.com\/#website","url":"https:\/\/www.parckruger.com\/","name":"Parc Kruger - Safari Afrique du Sud","description":"Toutes les infos utiles sur le parc Kruger en Afrique du sud, hotel et lodges, m\u00e9t\u00e9o et climat, prix d&#039;entr\u00e9e, vaccins, malaria, safaris, r\u00e9serves, cartes, plans et itin\u00e9raires.","potentialAction":[{"@type":"SearchAction","target":{"@type":"EntryPoint","urlTemplate":"https:\/\/www.parckruger.com\/?s={search_term_string}"},"query-input":{"@type":"PropertyValueSpecification","valueRequired":true,"valueName":"search_term_string"}}],"inLanguage":"nl-NL"}]}},"_links":{"self":[{"href":"https:\/\/www.parckruger.com\/nl\/wp-json\/wp\/v2\/pages\/1220","targetHints":{"allow":["GET"]}}],"collection":[{"href":"https:\/\/www.parckruger.com\/nl\/wp-json\/wp\/v2\/pages"}],"about":[{"href":"https:\/\/www.parckruger.com\/nl\/wp-json\/wp\/v2\/types\/page"}],"author":[{"embeddable":true,"href":"https:\/\/www.parckruger.com\/nl\/wp-json\/wp\/v2\/users\/1"}],"replies":[{"embeddable":true,"href":"https:\/\/www.parckruger.com\/nl\/wp-json\/wp\/v2\/comments?post=1220"}],"version-history":[{"count":6,"href":"https:\/\/www.parckruger.com\/nl\/wp-json\/wp\/v2\/pages\/1220\/revisions"}],"predecessor-version":[{"id":1579,"href":"https:\/\/www.parckruger.com\/nl\/wp-json\/wp\/v2\/pages\/1220\/revisions\/1579"}],"wp:attachment":[{"href":"https:\/\/www.parckruger.com\/nl\/wp-json\/wp\/v2\/media?parent=1220"}],"curies":[{"name":"wp","href":"https:\/\/api.w.org\/{rel}","templated":true}]}}