{"id":177,"date":"2015-07-20T16:05:58","date_gmt":"2015-07-20T15:05:58","guid":{"rendered":"http:\/\/www.parckruger.com\/?page_id=177"},"modified":"2015-08-18T16:16:53","modified_gmt":"2015-08-18T15:16:53","slug":"questions-pratiques","status":"publish","type":"page","link":"https:\/\/www.parckruger.com\/nl\/questions-pratiques\/","title":{"rendered":"Praktische zaken"},"content":{"rendered":"<p>[et_pb_section transparent_background=\u00a0\u00bboff\u00a0\u00bb background_color=\u00a0\u00bb#000000&Prime; allow_player_pause=\u00a0\u00bboff\u00a0\u00bb inner_shadow=\u00a0\u00bboff\u00a0\u00bb parallax=\u00a0\u00bboff\u00a0\u00bb parallax_method=\u00a0\u00bboff\u00a0\u00bb padding_mobile=\u00a0\u00bboff\u00a0\u00bb make_fullwidth=\u00a0\u00bboff\u00a0\u00bb use_custom_width=\u00a0\u00bboff\u00a0\u00bb width_unit=\u00a0\u00bbon\u00a0\u00bb make_equal=\u00a0\u00bboff\u00a0\u00bb use_custom_gutter=\u00a0\u00bboff\u00a0\u00bb][et_pb_row][et_pb_column type=\u00a0\u00bb4_4&Prime;][et_pb_text admin_label=\u00a0\u00bbTexte\u00a0\u00bb background_layout=\u00a0\u00bblight\u00a0\u00bb text_orientation=\u00a0\u00bbcenter\u00a0\u00bb text_font_size=\u00a0\u00bb44&Prime; text_text_color=\u00a0\u00bb#ffffff\u00a0\u00bb use_border_color=\u00a0\u00bboff\u00a0\u00bb border_color=\u00a0\u00bb#ffffff\u00a0\u00bb border_style=\u00a0\u00bbsolid\u00a0\u00bb text_font=\u00a0\u00bb|on|||\u00a0\u00bb]<\/p>\n<p><span style=\"color: #ff6600;\">QUESTIONS PRATIQUES :<\/span><\/p>\n<p>[\/et_pb_text][et_pb_text admin_label=\u00a0\u00bbTexte\u00a0\u00bb background_layout=\u00a0\u00bblight\u00a0\u00bb text_orientation=\u00a0\u00bbcenter\u00a0\u00bb text_text_color=\u00a0\u00bb#ffffff\u00a0\u00bb use_border_color=\u00a0\u00bboff\u00a0\u00bb border_color=\u00a0\u00bb#ffffff\u00a0\u00bb border_style=\u00a0\u00bbsolid\u00a0\u00bb]<\/p>\n<p>Retrouvez toutes les th\u00e9matiques du Greater Kruger, du parc Kruger, ses r\u00e9serves priv\u00e9es et ces environs.<\/p>\n<p>[\/et_pb_text][\/et_pb_column][\/et_pb_row][et_pb_row][et_pb_column type=\u00a0\u00bb1_4&Prime;][et_pb_image admin_label=\u00a0\u00bbImage\u00a0\u00bb src=\u00a0\u00bbhttp:\/\/www.parckruger.com\/wp-content\/uploads\/2015\/07\/m\u00e9t\u00e9o-park-kruger.png\u00a0\u00bb show_in_lightbox=\u00a0\u00bboff\u00a0\u00bb url=\u00a0\u00bbhttp:\/\/www.parckruger.com\/meteo-et-climat\/\u00a0\u00bb url_new_window=\u00a0\u00bboff\u00a0\u00bb animation=\u00a0\u00bbleft\u00a0\u00bb sticky=\u00a0\u00bboff\u00a0\u00bb align=\u00a0\u00bbleft\u00a0\u00bb force_fullwidth=\u00a0\u00bboff\u00a0\u00bb always_center_on_mobile=\u00a0\u00bbon\u00a0\u00bb use_border_color=\u00a0\u00bboff\u00a0\u00bb border_color=\u00a0\u00bb#ffffff\u00a0\u00bb border_style=\u00a0\u00bbsolid\u00a0\u00bb \/][et_pb_text admin_label=\u00a0\u00bbTexte\u00a0\u00bb background_layout=\u00a0\u00bblight\u00a0\u00bb text_orientation=\u00a0\u00bbcenter\u00a0\u00bb text_font=\u00a0\u00bb|on|||\u00a0\u00bb text_text_color=\u00a0\u00bb#ffffff\u00a0\u00bb use_border_color=\u00a0\u00bboff\u00a0\u00bb border_color=\u00a0\u00bb#ffffff\u00a0\u00bb border_style=\u00a0\u00bbsolid\u00a0\u00bb]<\/p>\n<p><a href=\"http:\/\/www.parckruger.com\/nl\/meteo-et-climat\/\" target=\"_blank\">M\u00c9TEO ET CLIMAT\u00a0<\/a><\/p>\n<p>[\/et_pb_text][\/et_pb_column][et_pb_column type=\u00a0\u00bb1_4&Prime;][et_pb_image admin_label=\u00a0\u00bbImage\u00a0\u00bb src=\u00a0\u00bbhttp:\/\/www.parckruger.com\/wp-content\/uploads\/2015\/07\/logosant\u00e9.png\u00a0\u00bb show_in_lightbox=\u00a0\u00bboff\u00a0\u00bb url=\u00a0\u00bbhttp:\/\/www.parckruger.com\/paludisme-sante\/\u00a0\u00bb url_new_window=\u00a0\u00bboff\u00a0\u00bb animation=\u00a0\u00bbleft\u00a0\u00bb sticky=\u00a0\u00bboff\u00a0\u00bb align=\u00a0\u00bbleft\u00a0\u00bb force_fullwidth=\u00a0\u00bboff\u00a0\u00bb always_center_on_mobile=\u00a0\u00bbon\u00a0\u00bb use_border_color=\u00a0\u00bboff\u00a0\u00bb border_color=\u00a0\u00bb#ffffff\u00a0\u00bb border_style=\u00a0\u00bbsolid\u00a0\u00bb \/][et_pb_text admin_label=\u00a0\u00bbTexte\u00a0\u00bb background_layout=\u00a0\u00bblight\u00a0\u00bb text_orientation=\u00a0\u00bbcenter\u00a0\u00bb text_font=\u00a0\u00bb|on|||\u00a0\u00bb text_text_color=\u00a0\u00bb#ffffff\u00a0\u00bb use_border_color=\u00a0\u00bboff\u00a0\u00bb border_color=\u00a0\u00bb#ffffff\u00a0\u00bb border_style=\u00a0\u00bbsolid\u00a0\u00bb]<\/p>\n<p><a href=\"http:\/\/www.parckruger.com\/nl\/paludisme-sante\/\" target=\"_blank\">PALUDISME ET SANT\u00c9<\/a><\/p>\n<p>[\/et_pb_text][\/et_pb_column][et_pb_column type=\u00a0\u00bb1_4&Prime;][et_pb_image admin_label=\u00a0\u00bbImage\u00a0\u00bb src=\u00a0\u00bbhttp:\/\/www.parckruger.com\/wp-content\/uploads\/2015\/08\/carte-parc-kruger.png\u00a0\u00bb show_in_lightbox=\u00a0\u00bboff\u00a0\u00bb url=\u00a0\u00bbhttp:\/\/www.parckruger.com\/cartes-et-maps\/\u00a0\u00bb url_new_window=\u00a0\u00bboff\u00a0\u00bb animation=\u00a0\u00bbleft\u00a0\u00bb sticky=\u00a0\u00bboff\u00a0\u00bb align=\u00a0\u00bbleft\u00a0\u00bb force_fullwidth=\u00a0\u00bboff\u00a0\u00bb always_center_on_mobile=\u00a0\u00bbon\u00a0\u00bb use_border_color=\u00a0\u00bboff\u00a0\u00bb border_color=\u00a0\u00bb#ffffff\u00a0\u00bb border_style=\u00a0\u00bbsolid\u00a0\u00bb \/][et_pb_text admin_label=\u00a0\u00bbTexte\u00a0\u00bb background_layout=\u00a0\u00bblight\u00a0\u00bb text_orientation=\u00a0\u00bbcenter\u00a0\u00bb text_font=\u00a0\u00bb|on|||\u00a0\u00bb text_text_color=\u00a0\u00bb#ffffff\u00a0\u00bb use_border_color=\u00a0\u00bboff\u00a0\u00bb border_color=\u00a0\u00bb#ffffff\u00a0\u00bb border_style=\u00a0\u00bbsolid\u00a0\u00bb]<\/p>\n<p><a href=\"http:\/\/www.parckruger.com\/nl\/cartes-et-maps\/\" target=\"_blank\">CARTES ET MAPS\u00a0<\/a><\/p>\n<p>[\/et_pb_text][\/et_pb_column][et_pb_column type=\u00a0\u00bb1_4&Prime;][et_pb_image admin_label=\u00a0\u00bbImage\u00a0\u00bb src=\u00a0\u00bbhttp:\/\/www.parckruger.com\/wp-content\/uploads\/2015\/08\/prix-kruger.png\u00a0\u00bb show_in_lightbox=\u00a0\u00bboff\u00a0\u00bb url=\u00a0\u00bbhttp:\/\/www.parckruger.com\/prix-et-horaires-des-portes\/\u00a0\u00bb url_new_window=\u00a0\u00bboff\u00a0\u00bb animation=\u00a0\u00bbleft\u00a0\u00bb sticky=\u00a0\u00bboff\u00a0\u00bb align=\u00a0\u00bbleft\u00a0\u00bb force_fullwidth=\u00a0\u00bboff\u00a0\u00bb always_center_on_mobile=\u00a0\u00bbon\u00a0\u00bb use_border_color=\u00a0\u00bboff\u00a0\u00bb border_color=\u00a0\u00bb#ffffff\u00a0\u00bb border_style=\u00a0\u00bbsolid\u00a0\u00bb \/][et_pb_text admin_label=\u00a0\u00bbTexte\u00a0\u00bb background_layout=\u00a0\u00bblight\u00a0\u00bb text_orientation=\u00a0\u00bbcenter\u00a0\u00bb text_font=\u00a0\u00bb|on|||\u00a0\u00bb text_text_color=\u00a0\u00bb#ffffff\u00a0\u00bb use_border_color=\u00a0\u00bboff\u00a0\u00bb border_color=\u00a0\u00bb#ffffff\u00a0\u00bb border_style=\u00a0\u00bbsolid\u00a0\u00bb]<\/p>\n<p><span style=\"color: #ff6600;\"><a style=\"color: #ff6600;\" href=\"http:\/\/www.parckruger.com\/nl\/prix-et-horaires-des-portes\/\">PRIX ET HORAIRES DU PARC<\/a><\/span><\/p>\n<p>[\/et_pb_text][\/et_pb_column][\/et_pb_row][et_pb_row][et_pb_column type=\u00a0\u00bb1_4&Prime;][et_pb_image admin_label=\u00a0\u00bbImage\u00a0\u00bb src=\u00a0\u00bbhttp:\/\/www.parckruger.com\/wp-content\/uploads\/2015\/07\/logo-bush.png\u00a0\u00bb show_in_lightbox=\u00a0\u00bboff\u00a0\u00bb url=\u00a0\u00bbhttp:\/\/www.parckruger.com\/vivre-en-brousse\/\u00a0\u00bb url_new_window=\u00a0\u00bboff\u00a0\u00bb animation=\u00a0\u00bbright\u00a0\u00bb sticky=\u00a0\u00bboff\u00a0\u00bb align=\u00a0\u00bbleft\u00a0\u00bb force_fullwidth=\u00a0\u00bboff\u00a0\u00bb always_center_on_mobile=\u00a0\u00bbon\u00a0\u00bb use_border_color=\u00a0\u00bboff\u00a0\u00bb border_color=\u00a0\u00bb#ffffff\u00a0\u00bb border_style=\u00a0\u00bbsolid\u00a0\u00bb \/][et_pb_text admin_label=\u00a0\u00bbTexte\u00a0\u00bb background_layout=\u00a0\u00bblight\u00a0\u00bb text_orientation=\u00a0\u00bbcenter\u00a0\u00bb text_font=\u00a0\u00bb|on|||\u00a0\u00bb text_text_color=\u00a0\u00bb#ffffff\u00a0\u00bb use_border_color=\u00a0\u00bboff\u00a0\u00bb border_color=\u00a0\u00bb#ffffff\u00a0\u00bb border_style=\u00a0\u00bbsolid\u00a0\u00bb]<\/p>\n<p><a href=\"http:\/\/www.parckruger.com\/nl\/vivre-en-brousse\/\" target=\"_blank\">VIVRE EN BROUSSE\u00a0<\/a><\/p>\n<p>[\/et_pb_text][\/et_pb_column][et_pb_column type=\u00a0\u00bb1_4&Prime;][et_pb_image admin_label=\u00a0\u00bbImage\u00a0\u00bb show_in_lightbox=\u00a0\u00bboff\u00a0\u00bb url=\u00a0\u00bbhttp:\/\/www.parckruger.com\/conservation-et-anti-poaching\/\u00a0\u00bb url_new_window=\u00a0\u00bboff\u00a0\u00bb animation=\u00a0\u00bbright\u00a0\u00bb sticky=\u00a0\u00bboff\u00a0\u00bb align=\u00a0\u00bbleft\u00a0\u00bb force_fullwidth=\u00a0\u00bboff\u00a0\u00bb always_center_on_mobile=\u00a0\u00bbon\u00a0\u00bb use_border_color=\u00a0\u00bboff\u00a0\u00bb border_color=\u00a0\u00bb#ffffff\u00a0\u00bb border_style=\u00a0\u00bbsolid\u00a0\u00bb src=\u00a0\u00bbhttp:\/\/www.parckruger.com\/wp-content\/uploads\/2015\/07\/conservation-logo.png\u00a0\u00bb \/][et_pb_text admin_label=\u00a0\u00bbTexte\u00a0\u00bb background_layout=\u00a0\u00bblight\u00a0\u00bb text_orientation=\u00a0\u00bbcenter\u00a0\u00bb text_font=\u00a0\u00bb|on|||\u00a0\u00bb text_text_color=\u00a0\u00bb#ffffff\u00a0\u00bb use_border_color=\u00a0\u00bboff\u00a0\u00bb border_color=\u00a0\u00bb#ffffff\u00a0\u00bb border_style=\u00a0\u00bbsolid\u00a0\u00bb]<\/p>\n<p><a href=\"http:\/\/www.parckruger.com\/nl\/conservation-et-anti-poaching\/\">CONSERVATION ET ANTI POACHING<\/a><\/p>\n<p>[\/et_pb_text][\/et_pb_column][et_pb_column type=\u00a0\u00bb1_4&Prime;][et_pb_image admin_label=\u00a0\u00bbImage\u00a0\u00bb show_in_lightbox=\u00a0\u00bboff\u00a0\u00bb url=\u00a0\u00bbhttp:\/\/www.parckruger.com\/la-croix-du-sud-etoile-dafrique\/\u00a0\u00bb url_new_window=\u00a0\u00bboff\u00a0\u00bb animation=\u00a0\u00bbright\u00a0\u00bb sticky=\u00a0\u00bboff\u00a0\u00bb align=\u00a0\u00bbleft\u00a0\u00bb force_fullwidth=\u00a0\u00bboff\u00a0\u00bb always_center_on_mobile=\u00a0\u00bbon\u00a0\u00bb use_border_color=\u00a0\u00bboff\u00a0\u00bb border_color=\u00a0\u00bb#ffffff\u00a0\u00bb border_style=\u00a0\u00bbsolid\u00a0\u00bb src=\u00a0\u00bbhttp:\/\/www.parckruger.com\/wp-content\/uploads\/2015\/07\/croix-du-sud.png\u00a0\u00bb \/][et_pb_text admin_label=\u00a0\u00bbTexte\u00a0\u00bb background_layout=\u00a0\u00bblight\u00a0\u00bb text_orientation=\u00a0\u00bbcenter\u00a0\u00bb text_font=\u00a0\u00bb|on|||\u00a0\u00bb text_text_color=\u00a0\u00bb#ffffff\u00a0\u00bb use_border_color=\u00a0\u00bboff\u00a0\u00bb border_color=\u00a0\u00bb#ffffff\u00a0\u00bb border_style=\u00a0\u00bbsolid\u00a0\u00bb]<\/p>\n<p><a href=\"http:\/\/www.parckruger.com\/nl\/la-croix-du-sud-etoile-dafrique\/\">LA CROIX DU SUD\u00a0<\/a><\/p>\n<p>[\/et_pb_text][\/et_pb_column][et_pb_column type=\u00a0\u00bb1_4&Prime;][et_pb_image admin_label=\u00a0\u00bbImage\u00a0\u00bb src=\u00a0\u00bbhttp:\/\/www.parckruger.com\/wp-content\/uploads\/2015\/07\/logo-parc-kruger.png\u00a0\u00bb show_in_lightbox=\u00a0\u00bboff\u00a0\u00bb url=\u00a0\u00bbhttp:\/\/www.parckruger.com\/faune-et-flore\/\u00a0\u00bb url_new_window=\u00a0\u00bboff\u00a0\u00bb animation=\u00a0\u00bbright\u00a0\u00bb sticky=\u00a0\u00bboff\u00a0\u00bb align=\u00a0\u00bbleft\u00a0\u00bb force_fullwidth=\u00a0\u00bboff\u00a0\u00bb always_center_on_mobile=\u00a0\u00bbon\u00a0\u00bb use_border_color=\u00a0\u00bboff\u00a0\u00bb border_color=\u00a0\u00bb#ffffff\u00a0\u00bb border_style=\u00a0\u00bbsolid\u00a0\u00bb \/][et_pb_text admin_label=\u00a0\u00bbTexte\u00a0\u00bb background_layout=\u00a0\u00bblight\u00a0\u00bb text_orientation=\u00a0\u00bbcenter\u00a0\u00bb text_font=\u00a0\u00bb|on|||\u00a0\u00bb text_text_color=\u00a0\u00bb#ffffff\u00a0\u00bb use_border_color=\u00a0\u00bboff\u00a0\u00bb border_color=\u00a0\u00bb#ffffff\u00a0\u00bb border_style=\u00a0\u00bbsolid\u00a0\u00bb]<\/p>\n<p><a href=\"http:\/\/www.parckruger.com\/nl\/faune-et-flore\/\" target=\"_blank\">FAUNE ET FLORE\u00a0<\/a><\/p>\n<p>[\/et_pb_text][\/et_pb_column][\/et_pb_row][\/et_pb_section]<\/p>","protected":false},"excerpt":{"rendered":"<p><div class=\"et_pb_row et_pb_row_0 et_pb_row_empty\">\n\t\t\t\t\n\t\t\t\t\n\t\t\t\t\n\t\t\t\t\n\t\t\t\t\n\t\t\t<\/div> QUESTIONS PRATIQUES : Retrouvez toutes les th\u00e9matiques du Greater Kruger, du parc Kruger, ses r\u00e9serves priv\u00e9es et ces environs. <div class=\"et_pb_row et_pb_row_1 et_pb_row_empty\">\n\t\t\t\t\n\t\t\t\t\n\t\t\t\t\n\t\t\t\t\n\t\t\t\t\n\t\t\t<\/div> M\u00c9TEO ET CLIMAT\u00a0 PALUDISME ET SANT\u00c9 CARTES ET MAPS\u00a0 PRIX ET HORAIRES DU PARC <div class=\"et_pb_row et_pb_row_2 et_pb_row_empty\">\n\t\t\t\t\n\t\t\t\t\n\t\t\t\t\n\t\t\t\t\n\t\t\t\t\n\t\t\t<\/div> VIVRE EN BROUSSE\u00a0 CONSERVATION ET ANTI POACHING LA CROIX DU SUD\u00a0 FAUNE ET FLORE\u00a0<\/p>","protected":false},"author":1,"featured_media":0,"parent":0,"menu_order":0,"comment_status":"closed","ping_status":"closed","template":"","meta":{"_et_pb_use_builder":"on","_et_pb_old_content":"","_et_gb_content_width":"","footnotes":""},"class_list":["post-177","page","type-page","status-publish","hentry"],"yoast_head":"<!-- This site is optimized with the Yoast SEO plugin v26.5 - https:\/\/yoast.com\/wordpress\/plugins\/seo\/ -->\n<title>Questions pratiques - Parc Kruger - Safari Afrique du Sud<\/title>\n<meta name=\"description\" content=\"Toutes les questions pratiques concernant l&#039;Afrique du Sud et le parc kruger : malaria et maladies, animaux, cartes et maps ...\" \/>\n<meta name=\"robots\" content=\"index, follow, max-snippet:-1, max-image-preview:large, max-video-preview:-1\" \/>\n<link rel=\"canonical\" href=\"https:\/\/www.parckruger.com\/nl\/questions-pratiques\/\" \/>\n<meta property=\"og:locale\" content=\"nl_NL\" \/>\n<meta property=\"og:type\" content=\"article\" \/>\n<meta property=\"og:title\" content=\"Questions pratiques - Parc Kruger - Safari Afrique du Sud\" \/>\n<meta property=\"og:description\" content=\"Toutes les questions pratiques concernant l&#039;Afrique du Sud et le parc kruger : malaria et maladies, animaux, cartes et maps ...\" \/>\n<meta property=\"og:url\" content=\"https:\/\/www.parckruger.com\/nl\/questions-pratiques\/\" \/>\n<meta property=\"og:site_name\" content=\"Parc Kruger - Safari Afrique du Sud\" \/>\n<meta property=\"article:modified_time\" content=\"2015-08-18T15:16:53+00:00\" \/>\n<meta name=\"twitter:card\" content=\"summary_large_image\" \/>\n<meta name=\"twitter:label1\" content=\"Geschatte leestijd\" \/>\n\t<meta name=\"twitter:data1\" content=\"5 minuten\" \/>\n<script type=\"application\/ld+json\" class=\"yoast-schema-graph\">{\"@context\":\"https:\/\/schema.org\",\"@graph\":[{\"@type\":\"WebPage\",\"@id\":\"https:\/\/www.parckruger.com\/questions-pratiques\/\",\"url\":\"https:\/\/www.parckruger.com\/questions-pratiques\/\",\"name\":\"Questions pratiques - Parc Kruger - Safari Afrique du Sud\",\"isPartOf\":{\"@id\":\"https:\/\/www.parckruger.com\/#website\"},\"datePublished\":\"2015-07-20T15:05:58+00:00\",\"dateModified\":\"2015-08-18T15:16:53+00:00\",\"description\":\"Toutes les questions pratiques concernant l'Afrique du Sud et le parc kruger : malaria et maladies, animaux, cartes et maps ...\",\"breadcrumb\":{\"@id\":\"https:\/\/www.parckruger.com\/questions-pratiques\/#breadcrumb\"},\"inLanguage\":\"nl-NL\",\"potentialAction\":[{\"@type\":\"ReadAction\",\"target\":[\"https:\/\/www.parckruger.com\/questions-pratiques\/\"]}]},{\"@type\":\"BreadcrumbList\",\"@id\":\"https:\/\/www.parckruger.com\/questions-pratiques\/#breadcrumb\",\"itemListElement\":[{\"@type\":\"ListItem\",\"position\":1,\"name\":\"Accueil\",\"item\":\"https:\/\/www.parckruger.com\/\"},{\"@type\":\"ListItem\",\"position\":2,\"name\":\"Questions pratiques\"}]},{\"@type\":\"WebSite\",\"@id\":\"https:\/\/www.parckruger.com\/#website\",\"url\":\"https:\/\/www.parckruger.com\/\",\"name\":\"Parc Kruger - Safari Afrique du Sud\",\"description\":\"Toutes les infos utiles sur le parc Kruger en Afrique du sud, hotel et lodges, m\u00e9t\u00e9o et climat, prix d&#039;entr\u00e9e, vaccins, malaria, safaris, r\u00e9serves, cartes, plans et itin\u00e9raires.\",\"potentialAction\":[{\"@type\":\"SearchAction\",\"target\":{\"@type\":\"EntryPoint\",\"urlTemplate\":\"https:\/\/www.parckruger.com\/?s={search_term_string}\"},\"query-input\":{\"@type\":\"PropertyValueSpecification\",\"valueRequired\":true,\"valueName\":\"search_term_string\"}}],\"inLanguage\":\"nl-NL\"}]}<\/script>\n<!-- \/ Yoast SEO plugin. -->","yoast_head_json":{"title":"Questions pratiques - Parc Kruger - Safari Afrique du Sud","description":"Toutes les questions pratiques concernant l'Afrique du Sud et le parc kruger : malaria et maladies, animaux, cartes et maps ...","robots":{"index":"index","follow":"follow","max-snippet":"max-snippet:-1","max-image-preview":"max-image-preview:large","max-video-preview":"max-video-preview:-1"},"canonical":"https:\/\/www.parckruger.com\/nl\/questions-pratiques\/","og_locale":"nl_NL","og_type":"article","og_title":"Questions pratiques - Parc Kruger - Safari Afrique du Sud","og_description":"Toutes les questions pratiques concernant l'Afrique du Sud et le parc kruger : malaria et maladies, animaux, cartes et maps ...","og_url":"https:\/\/www.parckruger.com\/nl\/questions-pratiques\/","og_site_name":"Parc Kruger - Safari Afrique du Sud","article_modified_time":"2015-08-18T15:16:53+00:00","twitter_card":"summary_large_image","twitter_misc":{"Geschatte leestijd":"5 minuten"},"schema":{"@context":"https:\/\/schema.org","@graph":[{"@type":"WebPage","@id":"https:\/\/www.parckruger.com\/questions-pratiques\/","url":"https:\/\/www.parckruger.com\/questions-pratiques\/","name":"Questions pratiques - Parc Kruger - Safari Afrique du Sud","isPartOf":{"@id":"https:\/\/www.parckruger.com\/#website"},"datePublished":"2015-07-20T15:05:58+00:00","dateModified":"2015-08-18T15:16:53+00:00","description":"Toutes les questions pratiques concernant l'Afrique du Sud et le parc kruger : malaria et maladies, animaux, cartes et maps ...","breadcrumb":{"@id":"https:\/\/www.parckruger.com\/questions-pratiques\/#breadcrumb"},"inLanguage":"nl-NL","potentialAction":[{"@type":"ReadAction","target":["https:\/\/www.parckruger.com\/questions-pratiques\/"]}]},{"@type":"BreadcrumbList","@id":"https:\/\/www.parckruger.com\/questions-pratiques\/#breadcrumb","itemListElement":[{"@type":"ListItem","position":1,"name":"Accueil","item":"https:\/\/www.parckruger.com\/"},{"@type":"ListItem","position":2,"name":"Questions pratiques"}]},{"@type":"WebSite","@id":"https:\/\/www.parckruger.com\/#website","url":"https:\/\/www.parckruger.com\/","name":"Parc Kruger - Safari Afrique du Sud","description":"Toutes les infos utiles sur le parc Kruger en Afrique du sud, hotel et lodges, m\u00e9t\u00e9o et climat, prix d&#039;entr\u00e9e, vaccins, malaria, safaris, r\u00e9serves, cartes, plans et itin\u00e9raires.","potentialAction":[{"@type":"SearchAction","target":{"@type":"EntryPoint","urlTemplate":"https:\/\/www.parckruger.com\/?s={search_term_string}"},"query-input":{"@type":"PropertyValueSpecification","valueRequired":true,"valueName":"search_term_string"}}],"inLanguage":"nl-NL"}]}},"_links":{"self":[{"href":"https:\/\/www.parckruger.com\/nl\/wp-json\/wp\/v2\/pages\/177","targetHints":{"allow":["GET"]}}],"collection":[{"href":"https:\/\/www.parckruger.com\/nl\/wp-json\/wp\/v2\/pages"}],"about":[{"href":"https:\/\/www.parckruger.com\/nl\/wp-json\/wp\/v2\/types\/page"}],"author":[{"embeddable":true,"href":"https:\/\/www.parckruger.com\/nl\/wp-json\/wp\/v2\/users\/1"}],"replies":[{"embeddable":true,"href":"https:\/\/www.parckruger.com\/nl\/wp-json\/wp\/v2\/comments?post=177"}],"version-history":[{"count":10,"href":"https:\/\/www.parckruger.com\/nl\/wp-json\/wp\/v2\/pages\/177\/revisions"}],"predecessor-version":[{"id":1049,"href":"https:\/\/www.parckruger.com\/nl\/wp-json\/wp\/v2\/pages\/177\/revisions\/1049"}],"wp:attachment":[{"href":"https:\/\/www.parckruger.com\/nl\/wp-json\/wp\/v2\/media?parent=177"}],"curies":[{"name":"wp","href":"https:\/\/api.w.org\/{rel}","templated":true}]}}