{"id":240,"date":"2015-07-21T13:49:57","date_gmt":"2015-07-21T12:49:57","guid":{"rendered":"http:\/\/www.parckruger.com\/?page_id=240"},"modified":"2015-08-04T16:44:01","modified_gmt":"2015-08-04T15:44:01","slug":"la-croix-du-sud-etoile-dafrique","status":"publish","type":"page","link":"https:\/\/www.parckruger.com\/nl\/la-croix-du-sud-etoile-dafrique\/","title":{"rendered":"La croix du sud, \u00e9toile d&rsquo;Afrique"},"content":{"rendered":"<p>[et_pb_section transparent_background=\u00a0\u00bboff\u00a0\u00bb background_color=\u00a0\u00bb#000000&Prime; allow_player_pause=\u00a0\u00bboff\u00a0\u00bb inner_shadow=\u00a0\u00bboff\u00a0\u00bb parallax=\u00a0\u00bboff\u00a0\u00bb parallax_method=\u00a0\u00bboff\u00a0\u00bb padding_mobile=\u00a0\u00bboff\u00a0\u00bb make_fullwidth=\u00a0\u00bboff\u00a0\u00bb use_custom_width=\u00a0\u00bboff\u00a0\u00bb width_unit=\u00a0\u00bbon\u00a0\u00bb make_equal=\u00a0\u00bboff\u00a0\u00bb use_custom_gutter=\u00a0\u00bboff\u00a0\u00bb][et_pb_row][et_pb_column type=\u00a0\u00bb1_4&Prime;][et_pb_image admin_label=\u00a0\u00bbImage\u00a0\u00bb src=\u00a0\u00bbhttp:\/\/www.parckruger.com\/wp-content\/uploads\/2015\/07\/croix-du-sud.png\u00a0\u00bb show_in_lightbox=\u00a0\u00bboff\u00a0\u00bb url_new_window=\u00a0\u00bboff\u00a0\u00bb animation=\u00a0\u00bbleft\u00a0\u00bb sticky=\u00a0\u00bboff\u00a0\u00bb align=\u00a0\u00bbleft\u00a0\u00bb force_fullwidth=\u00a0\u00bboff\u00a0\u00bb always_center_on_mobile=\u00a0\u00bbon\u00a0\u00bb use_border_color=\u00a0\u00bboff\u00a0\u00bb border_color=\u00a0\u00bb#ffffff\u00a0\u00bb border_style=\u00a0\u00bbsolid\u00a0\u00bb \/][\/et_pb_column][et_pb_column type=\u00a0\u00bb3_4&Prime;][et_pb_text admin_label=\u00a0\u00bbTexte\u00a0\u00bb background_layout=\u00a0\u00bblight\u00a0\u00bb text_orientation=\u00a0\u00bbcenter\u00a0\u00bb use_border_color=\u00a0\u00bboff\u00a0\u00bb border_color=\u00a0\u00bb#ffffff\u00a0\u00bb border_style=\u00a0\u00bbsolid\u00a0\u00bb]<\/p>\n<h1><span style=\"color: #ffffff;\">LA CROIX DU SUD :\u00a0<\/span><\/h1>\n<p>[\/et_pb_text][et_pb_text admin_label=\u00a0\u00bbTexte\u00a0\u00bb background_layout=\u00a0\u00bblight\u00a0\u00bb text_orientation=\u00a0\u00bbjustified\u00a0\u00bb use_border_color=\u00a0\u00bboff\u00a0\u00bb border_color=\u00a0\u00bb#ffffff\u00a0\u00bb border_style=\u00a0\u00bbsolid\u00a0\u00bb]<\/p>\n<p><span style=\"color: #ffffff;\"><span lang=\"FR\">La croix du Sud, \u00e9toile d\u2019Afrique &#8230;<\/span><span lang=\"FR\">Cette constellation, appel\u00e9e croix du sud, est uniquement visible dans l\u2019h\u00e9misph\u00e8re sud du globe\u00a0!\u00a0 Elle sera votre guide lors de ce voyage en Afrique du Sud.<u><\/u><u><\/u><\/span><\/span><\/p>\n<p><span style=\"color: #ffffff;\"><span lang=\"FR\"><u><\/u>\u00a0<\/span><span lang=\"FR\">Historiquement, c\u2019est l\u2019une des plus importantes car elle fut le guide de nombreux navigateurs lors de leurs voyages en qu\u00eate de nouvelles terres tels que Magellan, Christophe Colomb et Vasco Da Gama et peut-\u00eatre vous servira-t-elle un jour!<u><\/u><u><\/u><\/span><\/span><\/p>\n<p><span style=\"color: #ffffff;\"><span lang=\"FR\"><u><\/u>\u00a0<\/span><span lang=\"FR\">Personnellement, elle m\u2019accompagne depuis 10 ans, pratiquement chaque soir je l\u2019observe et elle me rappelle mon enfance et mes nombreux voyages en Afrique.<\/span><\/span><\/p>\n<p>[\/et_pb_text][\/et_pb_column][\/et_pb_row][\/et_pb_section][et_pb_section fullwidth=\u00a0\u00bbon\u00a0\u00bb specialty=\u00a0\u00bboff\u00a0\u00bb][et_pb_fullwidth_image admin_label=\u00a0\u00bbImage en pleine largeur\u00a0\u00bb src=\u00a0\u00bbhttp:\/\/www.parckruger.com\/wp-content\/uploads\/2015\/07\/ciel-kruger.jpg\u00a0\u00bb show_in_lightbox=\u00a0\u00bboff\u00a0\u00bb url_new_window=\u00a0\u00bboff\u00a0\u00bb animation=\u00a0\u00bbleft\u00a0\u00bb use_border_color=\u00a0\u00bboff\u00a0\u00bb border_color=\u00a0\u00bb#ffffff\u00a0\u00bb border_style=\u00a0\u00bbsolid\u00a0\u00bb \/][\/et_pb_section][et_pb_section fullwidth=\u00a0\u00bboff\u00a0\u00bb specialty=\u00a0\u00bboff\u00a0\u00bb transparent_background=\u00a0\u00bboff\u00a0\u00bb background_color=\u00a0\u00bb#000000&Prime; allow_player_pause=\u00a0\u00bboff\u00a0\u00bb inner_shadow=\u00a0\u00bboff\u00a0\u00bb parallax=\u00a0\u00bboff\u00a0\u00bb parallax_method=\u00a0\u00bboff\u00a0\u00bb padding_mobile=\u00a0\u00bboff\u00a0\u00bb make_fullwidth=\u00a0\u00bboff\u00a0\u00bb use_custom_width=\u00a0\u00bboff\u00a0\u00bb width_unit=\u00a0\u00bbon\u00a0\u00bb make_equal=\u00a0\u00bboff\u00a0\u00bb use_custom_gutter=\u00a0\u00bboff\u00a0\u00bb][et_pb_row][et_pb_column type=\u00a0\u00bb1_2&Prime;][et_pb_text admin_label=\u00a0\u00bbTexte\u00a0\u00bb background_layout=\u00a0\u00bblight\u00a0\u00bb text_orientation=\u00a0\u00bbjustified\u00a0\u00bb use_border_color=\u00a0\u00bboff\u00a0\u00bb border_color=\u00a0\u00bb#ffffff\u00a0\u00bb border_style=\u00a0\u00bbsolid\u00a0\u00bb]<\/p>\n<p><span lang=\"FR\" style=\"color: #ffffff;\">C\u2019est dans le Parc Kruger qu\u2019on se r\u00e9f\u00e8re le plus \u00e0 cette constellation, apr\u00e8s Saturne, les pointers sont les deux premi\u00e8res \u00e9toiles \u00e0 appara\u00eetre.\u00a0 J\u2019adore la montrer \u00e0 nos SATravellers car je sais que tout au long de vos vacances en Afrique du Sud vous continuerai \u00e0 l\u2019apercevoir\u2026<u><\/u><u><\/u><\/span><\/p>\n<p><span style=\"color: #ffffff;\"><span lang=\"FR\"><u><\/u>\u00a0<\/span><span lang=\"FR\">En Afrique du Sud, certaines zones sont suffisamment \u00e9loign\u00e9es des villes et de leurs pollutions visuelles, pour se voir offrir un parterre d\u2019\u00e9toiles incroyable.\u00a0 On peut m\u00eame observer la voie lact\u00e9e et les \u00e9toiles filantes ne sont pas rares. Tr\u00e8s r\u00e9cemment, lors d\u2019un diner dans le bush \u00e0 Hoedspruit, Fred et moi, ainsi qu\u2019une dizaine d\u2019autres convives avons eu la chance de voir une m\u00e9t\u00e9orite rentrer dans notre atmosph\u00e8re\u2026 A ma grande surprise cela ne semblait pas impressionner outre mesure les locaux ayant grandi dans ces r\u00e9gions loin de ville\u2026 l\u00e0 o\u00f9 l\u2019on vit au rythme du soleil, souvent \u00e0 l\u2019ext\u00e9rieur\u00a0!<u><\/u><u><\/u><\/span><\/span><\/p>\n<p><span style=\"color: #ffffff;\"><strong><span lang=\"FR\">Comment utiliser la constellation de la croix du sud lors de mon voyage en Afrique du Sud\u00a0?<u><\/u><u><\/u><\/span><\/strong><\/span><\/p>\n<p><span style=\"color: #ffffff;\"><span lang=\"FR\">\u00a0<\/span><span lang=\"FR\">La constellation de la croix du Sud est compos\u00e9e de deux pointers et de quatre \u00e9toiles formant cette fameuse croix\u00a0:<\/span><\/span><\/p>\n<ul>\n<li><span style=\"color: #ffffff;\"><span lang=\"FR\"><u><\/u>\u00a0<\/span><span lang=\"FR\">Les pointers sont les premi\u00e8res \u00e9toiles que vous verrez dans le ciel africain apr\u00e8s le coucher du soleil.\u00a0 Bien plus brillantes, vous ne devriez pas avoir trop de difficult\u00e9s \u00e0 les voir.\u00a0<u><\/u><u><\/u><\/span><\/span><\/li>\n<\/ul>\n<p><span style=\"color: #ffffff;\"><span lang=\"FR\"><u><\/u>\u00a0<\/span>A l\u2019oppos\u00e9 de la croix du sud, vous pourrez voir une sorte de constellation en forme de fl\u00e8che pointant le nord, puis attaquez-vous \u00e0 la constellation du scorpion, les plan\u00e8tes etc.\u00a0 Il existe une application Itunes incroyable\u00a0: starwalk, qui vous permet de nommer et de situer les constellations, \u00e9toiles et plan\u00e8tes en un click\u00a0!<\/span><\/p>\n<p><span lang=\"FR\" style=\"color: #ffffff;\"><u><\/u>\u00a0<u><\/u><\/span><\/p>\n<p><span lang=\"FR\" style=\"color: #ffffff;\"><u><\/u>\u00a0<\/span><\/p>\n<p>[\/et_pb_text][\/et_pb_column][et_pb_column type=\u00a0\u00bb1_2&Prime;][et_pb_text admin_label=\u00a0\u00bbTexte\u00a0\u00bb background_layout=\u00a0\u00bblight\u00a0\u00bb text_orientation=\u00a0\u00bbjustified\u00a0\u00bb use_border_color=\u00a0\u00bboff\u00a0\u00bb border_color=\u00a0\u00bb#ffffff\u00a0\u00bb border_style=\u00a0\u00bbsolid\u00a0\u00bb]<\/p>\n<p><span style=\"color: #ffffff;\"><span lang=\"FR\"><u><\/u>\u00a0<\/span><span lang=\"FR\">Maintenant que vous avez tous les \u00e9l\u00e9ments en main, il faut un peu d\u2019imagination.\u00a0 Aidez-vous avec cette repr\u00e9sentation\u00a0et commencez par:<u><\/u><u><\/u><\/span><\/span><\/p>\n<p><span lang=\"FR\" style=\"color: #ffffff;\"><u><\/u>\u00a0<u><\/u><\/span><\/p>\n<ul>\n<li><span lang=\"FR\" style=\"color: #ffffff;\">Tirez une diagonale entre les extr\u00e9mit\u00e9s les plus \u00e9loign\u00e9es de la Southern Cross et prolongez-la vers le bas de la croix.<u><\/u><u><\/u><\/span><\/li>\n<li><span style=\"color: #ffffff;\"><span lang=\"FR\"><u><\/u>\u00a0<\/span><span lang=\"FR\">Tracez ensuite une ligne imaginaire entre les pointers et, au milieu de celle-ci, tracez une perpendiculaire partant vers la prolongation imaginaire de la diagonale de la croix du Sud.<u><\/u><u><\/u><\/span><\/span><\/li>\n<li><span style=\"color: #ffffff;\"><span lang=\"FR\"><u><\/u>\u00a0<\/span><span lang=\"FR\">Maintenant, c\u2019est tr\u00e8s simple!\u00a0 L\u00e0 o\u00f9 les deux diagonales se croisent, vous descendez sur l\u2019horizon et vous trouvez le sud.<u><\/u><u><\/u><\/span><\/span><\/li>\n<\/ul>\n<p>&nbsp;<\/p>\n<p>&nbsp;<\/p>\n<p><span style=\"color: #ffffff;\"><span lang=\"FR\"><u><\/u>\u00a0<\/span><span lang=\"FR\">Cette constellation est tellement importante qu\u2019elle est m\u00eame repr\u00e9sent\u00e9e sur les drapeaux de l\u2019Australie, Nouvelle Z\u00e9lande, Br\u00e9sil, Papouasie Nouvelle Guin\u00e9e et Samoa (dans l\u2019ordre).<u><\/u><u><\/u><\/span><\/span><\/p>\n<p><span style=\"color: #ffffff;\"><span lang=\"FR\"><u><\/u>\u00a0<\/span><span lang=\"FR\">Voil\u00e0, avec cette constellation et avec l\u2019aide de votre conseiller voyage, vous ne risquez plus de vous perdre lors de votre voyage en Afrique du Sud\u00a0! Cette histoire est celle de nombreux amoureux d\u2019Afrique, celle de nos lunes de miel et voyages romantiques, celle de nos familles\u2026\u00a0 Cette croix du sud agit sur nous comme un aimant, il est impossible de ne pas l\u2019observer avant de sombrer dans les bras de Morph\u00e9e\u00a0!<\/span><\/span><\/p>\n<p>[\/et_pb_text][\/et_pb_column][\/et_pb_row][et_pb_row][et_pb_column type=\u00a0\u00bb1_3&Prime;][\/et_pb_column][et_pb_column type=\u00a0\u00bb1_3&Prime;][et_pb_image admin_label=\u00a0\u00bbImage\u00a0\u00bb src=\u00a0\u00bbhttp:\/\/www.parckruger.com\/wp-content\/uploads\/2015\/07\/crux.jpg\u00a0\u00bb show_in_lightbox=\u00a0\u00bboff\u00a0\u00bb url_new_window=\u00a0\u00bboff\u00a0\u00bb animation=\u00a0\u00bbbottom\u00a0\u00bb sticky=\u00a0\u00bboff\u00a0\u00bb align=\u00a0\u00bbleft\u00a0\u00bb force_fullwidth=\u00a0\u00bboff\u00a0\u00bb always_center_on_mobile=\u00a0\u00bbon\u00a0\u00bb use_border_color=\u00a0\u00bboff\u00a0\u00bb border_color=\u00a0\u00bb#ffffff\u00a0\u00bb border_style=\u00a0\u00bbsolid\u00a0\u00bb \/][\/et_pb_column][et_pb_column type=\u00a0\u00bb1_3&Prime;][\/et_pb_column][\/et_pb_row][\/et_pb_section]<\/p>","protected":false},"excerpt":{"rendered":"<p><div class=\"et_pb_row et_pb_row_0 et_pb_row_empty\">\n\t\t\t\t\n\t\t\t\t\n\t\t\t\t\n\t\t\t\t\n\t\t\t\t\n\t\t\t<\/div> LA CROIX DU SUD :\u00a0 La croix du Sud, \u00e9toile d\u2019Afrique &#8230;Cette constellation, appel\u00e9e croix du sud, est uniquement visible dans l\u2019h\u00e9misph\u00e8re sud du globe\u00a0!\u00a0 Elle sera votre guide lors de ce voyage en Afrique du Sud. \u00a0Historiquement, c\u2019est l\u2019une des plus importantes car elle fut le guide de nombreux navigateurs lors de leurs [&hellip;]<\/p>","protected":false},"author":1,"featured_media":0,"parent":0,"menu_order":0,"comment_status":"closed","ping_status":"closed","template":"","meta":{"_et_pb_use_builder":"on","_et_pb_old_content":"","_et_gb_content_width":"","footnotes":""},"class_list":["post-240","page","type-page","status-publish","hentry"],"yoast_head":"<!-- This site is optimized with the Yoast SEO plugin v26.5 - https:\/\/yoast.com\/wordpress\/plugins\/seo\/ -->\n<title>La croix du sud, \u00e9toile d&#039;Afrique - Parc Kruger - Safari Afrique du Sud<\/title>\n<meta name=\"robots\" content=\"index, follow, max-snippet:-1, max-image-preview:large, max-video-preview:-1\" \/>\n<link rel=\"canonical\" href=\"https:\/\/www.parckruger.com\/nl\/la-croix-du-sud-etoile-dafrique\/\" \/>\n<meta property=\"og:locale\" content=\"nl_NL\" \/>\n<meta property=\"og:type\" content=\"article\" \/>\n<meta property=\"og:title\" content=\"La croix du sud, \u00e9toile d&#039;Afrique - Parc Kruger - Safari Afrique du Sud\" \/>\n<meta property=\"og:description\" content=\"LA CROIX DU SUD :\u00a0 La croix du Sud, \u00e9toile d\u2019Afrique ...Cette constellation, appel\u00e9e croix du sud, est uniquement visible dans l\u2019h\u00e9misph\u00e8re sud du globe\u00a0!\u00a0 Elle sera votre guide lors de ce voyage en Afrique du Sud. \u00a0Historiquement, c\u2019est l\u2019une des plus importantes car elle fut le guide de nombreux navigateurs lors de leurs [&hellip;]\" \/>\n<meta property=\"og:url\" content=\"https:\/\/www.parckruger.com\/nl\/la-croix-du-sud-etoile-dafrique\/\" \/>\n<meta property=\"og:site_name\" content=\"Parc Kruger - Safari Afrique du Sud\" \/>\n<meta property=\"article:modified_time\" content=\"2015-08-04T15:44:01+00:00\" \/>\n<meta name=\"twitter:card\" content=\"summary_large_image\" \/>\n<meta name=\"twitter:label1\" content=\"Geschatte leestijd\" \/>\n\t<meta name=\"twitter:data1\" content=\"5 minuten\" \/>\n<script type=\"application\/ld+json\" class=\"yoast-schema-graph\">{\"@context\":\"https:\/\/schema.org\",\"@graph\":[{\"@type\":\"WebPage\",\"@id\":\"https:\/\/www.parckruger.com\/la-croix-du-sud-etoile-dafrique\/\",\"url\":\"https:\/\/www.parckruger.com\/la-croix-du-sud-etoile-dafrique\/\",\"name\":\"La croix du sud, \u00e9toile d'Afrique - Parc Kruger - Safari Afrique du Sud\",\"isPartOf\":{\"@id\":\"https:\/\/www.parckruger.com\/#website\"},\"datePublished\":\"2015-07-21T12:49:57+00:00\",\"dateModified\":\"2015-08-04T15:44:01+00:00\",\"breadcrumb\":{\"@id\":\"https:\/\/www.parckruger.com\/la-croix-du-sud-etoile-dafrique\/#breadcrumb\"},\"inLanguage\":\"nl-NL\",\"potentialAction\":[{\"@type\":\"ReadAction\",\"target\":[\"https:\/\/www.parckruger.com\/la-croix-du-sud-etoile-dafrique\/\"]}]},{\"@type\":\"BreadcrumbList\",\"@id\":\"https:\/\/www.parckruger.com\/la-croix-du-sud-etoile-dafrique\/#breadcrumb\",\"itemListElement\":[{\"@type\":\"ListItem\",\"position\":1,\"name\":\"Accueil\",\"item\":\"https:\/\/www.parckruger.com\/\"},{\"@type\":\"ListItem\",\"position\":2,\"name\":\"La croix du sud, \u00e9toile d&rsquo;Afrique\"}]},{\"@type\":\"WebSite\",\"@id\":\"https:\/\/www.parckruger.com\/#website\",\"url\":\"https:\/\/www.parckruger.com\/\",\"name\":\"Parc Kruger - Safari Afrique du Sud\",\"description\":\"Toutes les infos utiles sur le parc Kruger en Afrique du sud, hotel et lodges, m\u00e9t\u00e9o et climat, prix d&#039;entr\u00e9e, vaccins, malaria, safaris, r\u00e9serves, cartes, plans et itin\u00e9raires.\",\"potentialAction\":[{\"@type\":\"SearchAction\",\"target\":{\"@type\":\"EntryPoint\",\"urlTemplate\":\"https:\/\/www.parckruger.com\/?s={search_term_string}\"},\"query-input\":{\"@type\":\"PropertyValueSpecification\",\"valueRequired\":true,\"valueName\":\"search_term_string\"}}],\"inLanguage\":\"nl-NL\"}]}<\/script>\n<!-- \/ Yoast SEO plugin. -->","yoast_head_json":{"title":"La croix du sud, \u00e9toile d'Afrique - Parc Kruger - Safari Afrique du Sud","robots":{"index":"index","follow":"follow","max-snippet":"max-snippet:-1","max-image-preview":"max-image-preview:large","max-video-preview":"max-video-preview:-1"},"canonical":"https:\/\/www.parckruger.com\/nl\/la-croix-du-sud-etoile-dafrique\/","og_locale":"nl_NL","og_type":"article","og_title":"La croix du sud, \u00e9toile d'Afrique - Parc Kruger - Safari Afrique du Sud","og_description":"LA CROIX DU SUD :\u00a0 La croix du Sud, \u00e9toile d\u2019Afrique ...Cette constellation, appel\u00e9e croix du sud, est uniquement visible dans l\u2019h\u00e9misph\u00e8re sud du globe\u00a0!\u00a0 Elle sera votre guide lors de ce voyage en Afrique du Sud. \u00a0Historiquement, c\u2019est l\u2019une des plus importantes car elle fut le guide de nombreux navigateurs lors de leurs [&hellip;]","og_url":"https:\/\/www.parckruger.com\/nl\/la-croix-du-sud-etoile-dafrique\/","og_site_name":"Parc Kruger - Safari Afrique du Sud","article_modified_time":"2015-08-04T15:44:01+00:00","twitter_card":"summary_large_image","twitter_misc":{"Geschatte leestijd":"5 minuten"},"schema":{"@context":"https:\/\/schema.org","@graph":[{"@type":"WebPage","@id":"https:\/\/www.parckruger.com\/la-croix-du-sud-etoile-dafrique\/","url":"https:\/\/www.parckruger.com\/la-croix-du-sud-etoile-dafrique\/","name":"La croix du sud, \u00e9toile d'Afrique - Parc Kruger - Safari Afrique du Sud","isPartOf":{"@id":"https:\/\/www.parckruger.com\/#website"},"datePublished":"2015-07-21T12:49:57+00:00","dateModified":"2015-08-04T15:44:01+00:00","breadcrumb":{"@id":"https:\/\/www.parckruger.com\/la-croix-du-sud-etoile-dafrique\/#breadcrumb"},"inLanguage":"nl-NL","potentialAction":[{"@type":"ReadAction","target":["https:\/\/www.parckruger.com\/la-croix-du-sud-etoile-dafrique\/"]}]},{"@type":"BreadcrumbList","@id":"https:\/\/www.parckruger.com\/la-croix-du-sud-etoile-dafrique\/#breadcrumb","itemListElement":[{"@type":"ListItem","position":1,"name":"Accueil","item":"https:\/\/www.parckruger.com\/"},{"@type":"ListItem","position":2,"name":"La croix du sud, \u00e9toile d&rsquo;Afrique"}]},{"@type":"WebSite","@id":"https:\/\/www.parckruger.com\/#website","url":"https:\/\/www.parckruger.com\/","name":"Parc Kruger - Safari Afrique du Sud","description":"Toutes les infos utiles sur le parc Kruger en Afrique du sud, hotel et lodges, m\u00e9t\u00e9o et climat, prix d&#039;entr\u00e9e, vaccins, malaria, safaris, r\u00e9serves, cartes, plans et itin\u00e9raires.","potentialAction":[{"@type":"SearchAction","target":{"@type":"EntryPoint","urlTemplate":"https:\/\/www.parckruger.com\/?s={search_term_string}"},"query-input":{"@type":"PropertyValueSpecification","valueRequired":true,"valueName":"search_term_string"}}],"inLanguage":"nl-NL"}]}},"_links":{"self":[{"href":"https:\/\/www.parckruger.com\/nl\/wp-json\/wp\/v2\/pages\/240","targetHints":{"allow":["GET"]}}],"collection":[{"href":"https:\/\/www.parckruger.com\/nl\/wp-json\/wp\/v2\/pages"}],"about":[{"href":"https:\/\/www.parckruger.com\/nl\/wp-json\/wp\/v2\/types\/page"}],"author":[{"embeddable":true,"href":"https:\/\/www.parckruger.com\/nl\/wp-json\/wp\/v2\/users\/1"}],"replies":[{"embeddable":true,"href":"https:\/\/www.parckruger.com\/nl\/wp-json\/wp\/v2\/comments?post=240"}],"version-history":[{"count":7,"href":"https:\/\/www.parckruger.com\/nl\/wp-json\/wp\/v2\/pages\/240\/revisions"}],"predecessor-version":[{"id":923,"href":"https:\/\/www.parckruger.com\/nl\/wp-json\/wp\/v2\/pages\/240\/revisions\/923"}],"wp:attachment":[{"href":"https:\/\/www.parckruger.com\/nl\/wp-json\/wp\/v2\/media?parent=240"}],"curies":[{"name":"wp","href":"https:\/\/api.w.org\/{rel}","templated":true}]}}