{"id":599,"date":"2015-07-28T15:32:45","date_gmt":"2015-07-28T14:32:45","guid":{"rendered":"http:\/\/www.parckruger.com\/?page_id=599"},"modified":"2015-08-18T15:05:06","modified_gmt":"2015-08-18T14:05:06","slug":"letaba-camp","status":"publish","type":"page","link":"https:\/\/www.parckruger.com\/nl\/letaba-camp\/","title":{"rendered":"LETABA CAMP"},"content":{"rendered":"<p>[et_pb_section transparent_background=\u00a0\u00bboff\u00a0\u00bb background_color=\u00a0\u00bb#000000&Prime; allow_player_pause=\u00a0\u00bboff\u00a0\u00bb inner_shadow=\u00a0\u00bboff\u00a0\u00bb parallax=\u00a0\u00bboff\u00a0\u00bb parallax_method=\u00a0\u00bboff\u00a0\u00bb padding_mobile=\u00a0\u00bboff\u00a0\u00bb make_fullwidth=\u00a0\u00bboff\u00a0\u00bb use_custom_width=\u00a0\u00bboff\u00a0\u00bb width_unit=\u00a0\u00bbon\u00a0\u00bb make_equal=\u00a0\u00bboff\u00a0\u00bb use_custom_gutter=\u00a0\u00bboff\u00a0\u00bb][et_pb_row][et_pb_column type=\u00a0\u00bb4_4&Prime;][et_pb_text admin_label=\u00a0\u00bbTexte\u00a0\u00bb background_layout=\u00a0\u00bblight\u00a0\u00bb text_orientation=\u00a0\u00bbcenter\u00a0\u00bb use_border_color=\u00a0\u00bboff\u00a0\u00bb border_color=\u00a0\u00bb#ffffff\u00a0\u00bb border_style=\u00a0\u00bbsolid\u00a0\u00bb text_font=\u00a0\u00bb|on|||\u00a0\u00bb text_font_size=\u00a0\u00bb40&Prime; text_letter_spacing=\u00a0\u00bb2px\u00a0\u00bb text_text_color=\u00a0\u00bb#ffffff\u00a0\u00bb]<\/p>\n<p>LETABA CAMP<\/p>\n<p>[\/et_pb_text][et_pb_text admin_label=\u00a0\u00bbTexte\u00a0\u00bb background_layout=\u00a0\u00bblight\u00a0\u00bb text_orientation=\u00a0\u00bbcenter\u00a0\u00bb use_border_color=\u00a0\u00bboff\u00a0\u00bb border_color=\u00a0\u00bb#ffffff\u00a0\u00bb border_style=\u00a0\u00bbsolid\u00a0\u00bb text_text_color=\u00a0\u00bb#ffffff\u00a0\u00bb]<\/p>\n<p>Situ\u00e9 au centre du Parc Kruger le camp de Letaba borde la rivi\u00e8re du m\u00eame nom.\u00a0 Le cadre est superbe avec de grands arbres centenaires tels que les Figuiers Sycamore, Mahogany du Natal, Apple Leaf, Sausage Trees et beaucoup d\u2019oiseaux attir\u00e9s par les Aloe Vera\u00a0 et Impala Lilly (riche en sucre).\u00a0 Le camp est situ\u00e9 \u00e0 52 kms de la gate de Phalaborwa dans une r\u00e9gion moins visit\u00e9, superbe\u00a0! Le restaurant Nambu offre une superbe vue et est super relax\u2026 m\u00eame si la nourriture n\u2019est pas \u00e0 la hauteur\u2026<\/p>\n<p>&nbsp;<\/p>\n<p>De toute fa\u00e7on, l\u2019id\u00e9al est toujours de s\u2019offrir un vrai braa\u00ef sud africain face \u00e0 son bungalow\u2026<\/p>\n<p>[\/et_pb_text][\/et_pb_column][\/et_pb_row][\/et_pb_section][et_pb_section fullwidth=\u00a0\u00bboff\u00a0\u00bb specialty=\u00a0\u00bboff\u00a0\u00bb transparent_background=\u00a0\u00bboff\u00a0\u00bb background_color=\u00a0\u00bb#000000&Prime; allow_player_pause=\u00a0\u00bboff\u00a0\u00bb inner_shadow=\u00a0\u00bboff\u00a0\u00bb parallax=\u00a0\u00bboff\u00a0\u00bb parallax_method=\u00a0\u00bboff\u00a0\u00bb padding_mobile=\u00a0\u00bboff\u00a0\u00bb make_fullwidth=\u00a0\u00bboff\u00a0\u00bb use_custom_width=\u00a0\u00bboff\u00a0\u00bb width_unit=\u00a0\u00bbon\u00a0\u00bb make_equal=\u00a0\u00bboff\u00a0\u00bb use_custom_gutter=\u00a0\u00bboff\u00a0\u00bb][et_pb_row][et_pb_column type=\u00a0\u00bb1_3&Prime;][et_pb_text admin_label=\u00a0\u00bbTexte\u00a0\u00bb background_layout=\u00a0\u00bblight\u00a0\u00bb text_orientation=\u00a0\u00bbleft\u00a0\u00bb use_border_color=\u00a0\u00bboff\u00a0\u00bb border_color=\u00a0\u00bb#ffffff\u00a0\u00bb border_style=\u00a0\u00bbsolid\u00a0\u00bb text_text_color=\u00a0\u00bb#ffffff\u00a0\u00bb]<\/p>\n<h1 style=\"text-align: center;\"><strong><span style=\"color: #ff6600;\">Notre opinion\u00a0:<\/span><\/strong><\/h1>\n<p>Les + :<\/p>\n<ul>\n<li>Le long de la Letaba River, beaucoup d\u2019animaux<\/li>\n<li>Grands arbres<\/li>\n<\/ul>\n<p>Les &#8211; :<\/p>\n<ul>\n<li>Grand camp qui peut \u00eatre \u00ab\u00a0sur\u00a0\u00bb charg\u00e9<\/li>\n<\/ul>\n<p>Dans le Top 3, et dans le haut m\u00eame\u00a0! Le camp \u00e9tant situ\u00e9 dans un\u00a0\u00ab\u00a0coude\u00a0\u00bb de cette rivi\u00e8re Letaba, il suffit d\u2019une bonne paire de jumelle et de l\u2019ombre d\u2019un arbre centenaire de pr\u00e9f\u00e9rence pour observer de nombreux animaux.\u00a0 El\u00e9phant, lions, waterbucks, girafes \u2026\u00a0 Rapaces tel que le Fish Eagle et le Bateleur y sont aussi tr\u00e8s fr\u00e9quemment observ\u00e9s.<\/p>\n<p>Des impalas tel que bushbucks et m\u00eame quelques phacoch\u00e8res on \u00e9lu domicile dans le camp et se laisse facilement approch\u00e9, super pour les enfants\u00a0! Sans oublier un mus\u00e9e d\u00e9di\u00e9 aux 7 plus grands \u00e9l\u00e9phants, Magnificent Seven, qui ont marqu\u00e9s l\u2019histoire du Parc Kruger.<\/p>\n<p>Les safaris depuis Letaba sont tr\u00e8s pros mais leurs guided river walk, balade le long de la rivi\u00e8re accompagn\u00e9 de rangers arm\u00e9s et safari nocturne, night drive,\u00a0 sont tout simplement fabuleuses\u00a0!\u00a0 Il y a aussi le Matambeni hide (cabane d\u2019observation) situ\u00e9 non loin de l\u00e0 sur le cot\u00e9 nord du lac Engelhardt \u00a0d\u2019o\u00f9 l\u2019on observe une multitude d\u2019oiseaux tous plus color\u00e9s les un que les autres.<\/p>\n<p>Le camp \u00e9tant plus au nord, il y a moins de passage,\u00a0 moins d\u2019encombrements, moins de foule\u2026 \u00e0 bon entendeur\u2026<\/p>\n<p>[\/et_pb_text][\/et_pb_column][et_pb_column type=\u00a0\u00bb1_3&Prime;][et_pb_text admin_label=\u00a0\u00bbTexte\u00a0\u00bb background_layout=\u00a0\u00bblight\u00a0\u00bb text_orientation=\u00a0\u00bbleft\u00a0\u00bb use_border_color=\u00a0\u00bboff\u00a0\u00bb border_color=\u00a0\u00bb#ffffff\u00a0\u00bb border_style=\u00a0\u00bbsolid\u00a0\u00bb text_line_height=\u00a0\u00bb1em\u00a0\u00bb text_text_color=\u00a0\u00bb#ffffff\u00a0\u00bb]<\/p>\n<h1 style=\"text-align: center;\"><span style=\"color: #ff6600;\"><strong>Facilit\u00e9s :\u00a0<\/strong><\/span><\/h1>\n<p style=\"text-align: center;\">Informations \u00e0 la r\u00e9ception<br \/>\nT\u00e9l\u00e9phones publics<br \/>\nBo\u00eete aux lettres; ATM<br \/>\nAssistance secourisme \u00e9l\u00e9mentaire<br \/>\nPiscine<br \/>\nCouverts et assiettes Paniers (\u00e0 la r\u00e9ception)<br \/>\nrestaurant; Caf\u00e9t\u00e9ria; Curio achats dans le parc Kruger<br \/>\nService routier d&rsquo;urgence *<br \/>\nEssence \/ Station<br \/>\nLaundromat<br \/>\nCuisines et ablutions communales<br \/>\nDSTV limit\u00e9e disponible uniquement en chambres d&rsquo;h\u00f4tes<br \/>\nMobile R\u00e9ception<br \/>\nSalles de conf\u00e9rence<br \/>\nJour Visiteurs Aire de pique nique sur le p\u00e9rim\u00e8tre du camp avec une piscine<\/p>\n<p>&nbsp;<\/p>\n<p>&nbsp;<\/p>\n<p>&nbsp;<\/p>\n<p>&nbsp;<\/p>\n<p>[\/et_pb_text][\/et_pb_column][et_pb_column type=\u00a0\u00bb1_3&Prime;][et_pb_image admin_label=\u00a0\u00bbImage\u00a0\u00bb src=\u00a0\u00bbhttp:\/\/www.parckruger.com\/wp-content\/uploads\/2015\/07\/letaba-rest-camp-kruger-south-africa-safari__6_.jpg\u00a0\u00bb show_in_lightbox=\u00a0\u00bbon\u00a0\u00bb url_new_window=\u00a0\u00bboff\u00a0\u00bb animation=\u00a0\u00bbright\u00a0\u00bb sticky=\u00a0\u00bboff\u00a0\u00bb align=\u00a0\u00bbleft\u00a0\u00bb force_fullwidth=\u00a0\u00bbon\u00a0\u00bb always_center_on_mobile=\u00a0\u00bbon\u00a0\u00bb use_border_color=\u00a0\u00bboff\u00a0\u00bb border_color=\u00a0\u00bb#ffffff\u00a0\u00bb border_style=\u00a0\u00bbsolid\u00a0\u00bb max_width=\u00a0\u00bb300&Prime;] [\/et_pb_image][et_pb_image admin_label=\u00a0\u00bbImage\u00a0\u00bb src=\u00a0\u00bbhttp:\/\/www.parckruger.com\/wp-content\/uploads\/2015\/07\/kruger-accommodation-letaba-rest-camp-6-667&#215;445.jpg\u00a0\u00bb show_in_lightbox=\u00a0\u00bbon\u00a0\u00bb url_new_window=\u00a0\u00bboff\u00a0\u00bb animation=\u00a0\u00bbleft\u00a0\u00bb sticky=\u00a0\u00bbon\u00a0\u00bb align=\u00a0\u00bbcenter\u00a0\u00bb force_fullwidth=\u00a0\u00bbon\u00a0\u00bb always_center_on_mobile=\u00a0\u00bbon\u00a0\u00bb use_border_color=\u00a0\u00bboff\u00a0\u00bb border_color=\u00a0\u00bb#ffffff\u00a0\u00bb border_style=\u00a0\u00bbsolid\u00a0\u00bb max_width=\u00a0\u00bb300&Prime;] [\/et_pb_image][\/et_pb_column][\/et_pb_row][\/et_pb_section][et_pb_section fullwidth=\u00a0\u00bboff\u00a0\u00bb specialty=\u00a0\u00bboff\u00a0\u00bb transparent_background=\u00a0\u00bboff\u00a0\u00bb background_color=\u00a0\u00bb#000000&Prime; allow_player_pause=\u00a0\u00bboff\u00a0\u00bb inner_shadow=\u00a0\u00bboff\u00a0\u00bb parallax=\u00a0\u00bboff\u00a0\u00bb parallax_method=\u00a0\u00bboff\u00a0\u00bb padding_mobile=\u00a0\u00bboff\u00a0\u00bb make_fullwidth=\u00a0\u00bboff\u00a0\u00bb use_custom_width=\u00a0\u00bboff\u00a0\u00bb width_unit=\u00a0\u00bbon\u00a0\u00bb make_equal=\u00a0\u00bboff\u00a0\u00bb use_custom_gutter=\u00a0\u00bboff\u00a0\u00bb][et_pb_row][et_pb_column type=\u00a0\u00bb1_2&Prime;][et_pb_image admin_label=\u00a0\u00bbImage\u00a0\u00bb src=\u00a0\u00bbhttp:\/\/www.parckruger.com\/wp-content\/uploads\/2015\/07\/krugernationalpark-letabarestcamp_14-x_large.jpg\u00a0\u00bb show_in_lightbox=\u00a0\u00bbon\u00a0\u00bb url_new_window=\u00a0\u00bboff\u00a0\u00bb animation=\u00a0\u00bbleft\u00a0\u00bb sticky=\u00a0\u00bboff\u00a0\u00bb align=\u00a0\u00bbleft\u00a0\u00bb force_fullwidth=\u00a0\u00bboff\u00a0\u00bb always_center_on_mobile=\u00a0\u00bbon\u00a0\u00bb use_border_color=\u00a0\u00bboff\u00a0\u00bb border_color=\u00a0\u00bb#ffffff\u00a0\u00bb border_style=\u00a0\u00bbsolid\u00a0\u00bb] [\/et_pb_image][\/et_pb_column][et_pb_column type=\u00a0\u00bb1_2&Prime;][et_pb_image admin_label=\u00a0\u00bbImage\u00a0\u00bb src=\u00a0\u00bbhttp:\/\/www.parckruger.com\/wp-content\/uploads\/2015\/07\/Capture-d\u2019\u00e9cran-2015-07-28-\u00e0-12.30.27.png\u00a0\u00bb show_in_lightbox=\u00a0\u00bbon\u00a0\u00bb url_new_window=\u00a0\u00bboff\u00a0\u00bb animation=\u00a0\u00bbleft\u00a0\u00bb sticky=\u00a0\u00bboff\u00a0\u00bb align=\u00a0\u00bbleft\u00a0\u00bb force_fullwidth=\u00a0\u00bboff\u00a0\u00bb always_center_on_mobile=\u00a0\u00bbon\u00a0\u00bb use_border_color=\u00a0\u00bboff\u00a0\u00bb border_color=\u00a0\u00bb#ffffff\u00a0\u00bb border_style=\u00a0\u00bbsolid\u00a0\u00bb] [\/et_pb_image][\/et_pb_column][\/et_pb_row][\/et_pb_section][et_pb_section fullwidth=\u00a0\u00bboff\u00a0\u00bb specialty=\u00a0\u00bboff\u00a0\u00bb transparent_background=\u00a0\u00bboff\u00a0\u00bb background_color=\u00a0\u00bb#000000&Prime; allow_player_pause=\u00a0\u00bboff\u00a0\u00bb inner_shadow=\u00a0\u00bboff\u00a0\u00bb parallax=\u00a0\u00bboff\u00a0\u00bb parallax_method=\u00a0\u00bboff\u00a0\u00bb padding_mobile=\u00a0\u00bboff\u00a0\u00bb make_fullwidth=\u00a0\u00bboff\u00a0\u00bb use_custom_width=\u00a0\u00bboff\u00a0\u00bb width_unit=\u00a0\u00bbon\u00a0\u00bb make_equal=\u00a0\u00bboff\u00a0\u00bb use_custom_gutter=\u00a0\u00bboff\u00a0\u00bb][et_pb_row][et_pb_column type=\u00a0\u00bb1_2&Prime;][et_pb_text admin_label=\u00a0\u00bbTexte\u00a0\u00bb background_layout=\u00a0\u00bblight\u00a0\u00bb text_orientation=\u00a0\u00bbcenter\u00a0\u00bb text_font=\u00a0\u00bb|on|||\u00a0\u00bb text_text_color=\u00a0\u00bb#ffffff\u00a0\u00bb use_border_color=\u00a0\u00bboff\u00a0\u00bb border_color=\u00a0\u00bb#ffffff\u00a0\u00bb border_style=\u00a0\u00bbsolid\u00a0\u00bb]<\/p>\n<p>H\u00c9BERGEMENT\u00a0PR\u00c9C\u00c9DANT<\/p>\n<p>[\/et_pb_text][et_pb_image admin_label=\u00a0\u00bbImage\u00a0\u00bb src=\u00a0\u00bbhttp:\/\/www.parckruger.com\/wp-content\/uploads\/2015\/07\/AVANT.png\u00a0\u00bb title_text=\u00a0\u00bbR\u00c9SERVE PR\u00c9C\u00c9DANTE\u00a0\u00bb show_in_lightbox=\u00a0\u00bboff\u00a0\u00bb url_new_window=\u00a0\u00bboff\u00a0\u00bb animation=\u00a0\u00bbright\u00a0\u00bb sticky=\u00a0\u00bboff\u00a0\u00bb align=\u00a0\u00bbcenter\u00a0\u00bb force_fullwidth=\u00a0\u00bboff\u00a0\u00bb always_center_on_mobile=\u00a0\u00bbon\u00a0\u00bb use_border_color=\u00a0\u00bboff\u00a0\u00bb border_color=\u00a0\u00bb#ffffff\u00a0\u00bb border_style=\u00a0\u00bbsolid\u00a0\u00bb max_width=\u00a0\u00bb250&Prime; url=\u00a0\u00bbhttp:\/\/www.parckruger.com\/crocodile-bridge-camp\/\u00a0\u00bb] [\/et_pb_image][\/et_pb_column][et_pb_column type=\u00a0\u00bb1_2&Prime;][et_pb_text admin_label=\u00a0\u00bbTexte\u00a0\u00bb background_layout=\u00a0\u00bblight\u00a0\u00bb text_orientation=\u00a0\u00bbcenter\u00a0\u00bb text_text_color=\u00a0\u00bb#ffffff\u00a0\u00bb use_border_color=\u00a0\u00bboff\u00a0\u00bb border_color=\u00a0\u00bb#ffffff\u00a0\u00bb border_style=\u00a0\u00bbsolid\u00a0\u00bb text_font=\u00a0\u00bb|on|||\u00a0\u00bb]<\/p>\n<p>H\u00c9BERGEMENT\u00a0SUIVANT<\/p>\n<p>[\/et_pb_text][et_pb_image admin_label=\u00a0\u00bbImage\u00a0\u00bb src=\u00a0\u00bbhttp:\/\/www.parckruger.com\/wp-content\/uploads\/2015\/07\/APRES.png\u00a0\u00bb title_text=\u00a0\u00bbR\u00c9SERVE SUIVANTE\u00a0\u00bb show_in_lightbox=\u00a0\u00bboff\u00a0\u00bb url_new_window=\u00a0\u00bboff\u00a0\u00bb animation=\u00a0\u00bbleft\u00a0\u00bb sticky=\u00a0\u00bboff\u00a0\u00bb align=\u00a0\u00bbcenter\u00a0\u00bb force_fullwidth=\u00a0\u00bboff\u00a0\u00bb always_center_on_mobile=\u00a0\u00bbon\u00a0\u00bb use_border_color=\u00a0\u00bboff\u00a0\u00bb border_color=\u00a0\u00bb#ffffff\u00a0\u00bb border_style=\u00a0\u00bbsolid\u00a0\u00bb max_width=\u00a0\u00bb250&Prime; url=\u00a0\u00bbhttp:\/\/www.parckruger.com\/lower-sabie-camp\/\u00a0\u00bb] [\/et_pb_image][\/et_pb_column][\/et_pb_row][\/et_pb_section]<\/p>","protected":false},"excerpt":{"rendered":"<p><div class=\"et_pb_row et_pb_row_0 et_pb_row_empty\">\n\t\t\t\t\n\t\t\t\t\n\t\t\t\t\n\t\t\t\t\n\t\t\t\t\n\t\t\t<\/div> LETABA CAMP Situ\u00e9 au centre du Parc Kruger le camp de Letaba borde la rivi\u00e8re du m\u00eame nom.\u00a0 Le cadre est superbe avec de grands arbres centenaires tels que les Figuiers Sycamore, Mahogany du Natal, Apple Leaf, Sausage Trees et beaucoup d\u2019oiseaux attir\u00e9s par les Aloe Vera\u00a0 et Impala Lilly (riche en sucre).\u00a0 Le [&hellip;]<\/p>","protected":false},"author":1,"featured_media":0,"parent":0,"menu_order":0,"comment_status":"open","ping_status":"open","template":"","meta":{"_et_pb_use_builder":"on","_et_pb_old_content":"","_et_gb_content_width":"","footnotes":""},"class_list":["post-599","page","type-page","status-publish","hentry"],"yoast_head":"<!-- This site is optimized with the Yoast SEO plugin v26.5 - https:\/\/yoast.com\/wordpress\/plugins\/seo\/ -->\n<title>LETABA CAMP - Parc Kruger - Safari Afrique du Sud<\/title>\n<meta name=\"description\" content=\"Toutes les infos sur letaba camp au kruger ! D\u00e9couvrez notre avi sur ce logement d&#039;Afrique du Sud, ainsi que ces activit\u00e9s !\" \/>\n<meta name=\"robots\" content=\"index, follow, max-snippet:-1, max-image-preview:large, max-video-preview:-1\" \/>\n<link rel=\"canonical\" href=\"https:\/\/www.parckruger.com\/nl\/letaba-camp\/\" \/>\n<meta property=\"og:locale\" content=\"nl_NL\" \/>\n<meta property=\"og:type\" content=\"article\" \/>\n<meta property=\"og:title\" content=\"LETABA CAMP - Parc Kruger - Safari Afrique du Sud\" \/>\n<meta property=\"og:description\" content=\"Toutes les infos sur letaba camp au kruger ! D\u00e9couvrez notre avi sur ce logement d&#039;Afrique du Sud, ainsi que ces activit\u00e9s !\" \/>\n<meta property=\"og:url\" content=\"https:\/\/www.parckruger.com\/nl\/letaba-camp\/\" \/>\n<meta property=\"og:site_name\" content=\"Parc Kruger - Safari Afrique du Sud\" \/>\n<meta property=\"article:modified_time\" content=\"2015-08-18T14:05:06+00:00\" \/>\n<meta name=\"twitter:card\" content=\"summary_large_image\" \/>\n<meta name=\"twitter:label1\" content=\"Geschatte leestijd\" \/>\n\t<meta name=\"twitter:data1\" content=\"6 minuten\" \/>\n<script type=\"application\/ld+json\" class=\"yoast-schema-graph\">{\"@context\":\"https:\/\/schema.org\",\"@graph\":[{\"@type\":\"WebPage\",\"@id\":\"https:\/\/www.parckruger.com\/letaba-camp\/\",\"url\":\"https:\/\/www.parckruger.com\/letaba-camp\/\",\"name\":\"LETABA CAMP - Parc Kruger - Safari Afrique du Sud\",\"isPartOf\":{\"@id\":\"https:\/\/www.parckruger.com\/#website\"},\"datePublished\":\"2015-07-28T14:32:45+00:00\",\"dateModified\":\"2015-08-18T14:05:06+00:00\",\"description\":\"Toutes les infos sur letaba camp au kruger ! D\u00e9couvrez notre avi sur ce logement d'Afrique du Sud, ainsi que ces activit\u00e9s !\",\"breadcrumb\":{\"@id\":\"https:\/\/www.parckruger.com\/letaba-camp\/#breadcrumb\"},\"inLanguage\":\"nl-NL\",\"potentialAction\":[{\"@type\":\"ReadAction\",\"target\":[\"https:\/\/www.parckruger.com\/letaba-camp\/\"]}]},{\"@type\":\"BreadcrumbList\",\"@id\":\"https:\/\/www.parckruger.com\/letaba-camp\/#breadcrumb\",\"itemListElement\":[{\"@type\":\"ListItem\",\"position\":1,\"name\":\"Accueil\",\"item\":\"https:\/\/www.parckruger.com\/\"},{\"@type\":\"ListItem\",\"position\":2,\"name\":\"LETABA CAMP\"}]},{\"@type\":\"WebSite\",\"@id\":\"https:\/\/www.parckruger.com\/#website\",\"url\":\"https:\/\/www.parckruger.com\/\",\"name\":\"Parc Kruger - Safari Afrique du Sud\",\"description\":\"Toutes les infos utiles sur le parc Kruger en Afrique du sud, hotel et lodges, m\u00e9t\u00e9o et climat, prix d&#039;entr\u00e9e, vaccins, malaria, safaris, r\u00e9serves, cartes, plans et itin\u00e9raires.\",\"potentialAction\":[{\"@type\":\"SearchAction\",\"target\":{\"@type\":\"EntryPoint\",\"urlTemplate\":\"https:\/\/www.parckruger.com\/?s={search_term_string}\"},\"query-input\":{\"@type\":\"PropertyValueSpecification\",\"valueRequired\":true,\"valueName\":\"search_term_string\"}}],\"inLanguage\":\"nl-NL\"}]}<\/script>\n<!-- \/ Yoast SEO plugin. -->","yoast_head_json":{"title":"LETABA CAMP - Parc Kruger - Safari Afrique du Sud","description":"Toutes les infos sur letaba camp au kruger ! D\u00e9couvrez notre avi sur ce logement d'Afrique du Sud, ainsi que ces activit\u00e9s !","robots":{"index":"index","follow":"follow","max-snippet":"max-snippet:-1","max-image-preview":"max-image-preview:large","max-video-preview":"max-video-preview:-1"},"canonical":"https:\/\/www.parckruger.com\/nl\/letaba-camp\/","og_locale":"nl_NL","og_type":"article","og_title":"LETABA CAMP - Parc Kruger - Safari Afrique du Sud","og_description":"Toutes les infos sur letaba camp au kruger ! D\u00e9couvrez notre avi sur ce logement d'Afrique du Sud, ainsi que ces activit\u00e9s !","og_url":"https:\/\/www.parckruger.com\/nl\/letaba-camp\/","og_site_name":"Parc Kruger - Safari Afrique du Sud","article_modified_time":"2015-08-18T14:05:06+00:00","twitter_card":"summary_large_image","twitter_misc":{"Geschatte leestijd":"6 minuten"},"schema":{"@context":"https:\/\/schema.org","@graph":[{"@type":"WebPage","@id":"https:\/\/www.parckruger.com\/letaba-camp\/","url":"https:\/\/www.parckruger.com\/letaba-camp\/","name":"LETABA CAMP - Parc Kruger - Safari Afrique du Sud","isPartOf":{"@id":"https:\/\/www.parckruger.com\/#website"},"datePublished":"2015-07-28T14:32:45+00:00","dateModified":"2015-08-18T14:05:06+00:00","description":"Toutes les infos sur letaba camp au kruger ! D\u00e9couvrez notre avi sur ce logement d'Afrique du Sud, ainsi que ces activit\u00e9s !","breadcrumb":{"@id":"https:\/\/www.parckruger.com\/letaba-camp\/#breadcrumb"},"inLanguage":"nl-NL","potentialAction":[{"@type":"ReadAction","target":["https:\/\/www.parckruger.com\/letaba-camp\/"]}]},{"@type":"BreadcrumbList","@id":"https:\/\/www.parckruger.com\/letaba-camp\/#breadcrumb","itemListElement":[{"@type":"ListItem","position":1,"name":"Accueil","item":"https:\/\/www.parckruger.com\/"},{"@type":"ListItem","position":2,"name":"LETABA CAMP"}]},{"@type":"WebSite","@id":"https:\/\/www.parckruger.com\/#website","url":"https:\/\/www.parckruger.com\/","name":"Parc Kruger - Safari Afrique du Sud","description":"Toutes les infos utiles sur le parc Kruger en Afrique du sud, hotel et lodges, m\u00e9t\u00e9o et climat, prix d&#039;entr\u00e9e, vaccins, malaria, safaris, r\u00e9serves, cartes, plans et itin\u00e9raires.","potentialAction":[{"@type":"SearchAction","target":{"@type":"EntryPoint","urlTemplate":"https:\/\/www.parckruger.com\/?s={search_term_string}"},"query-input":{"@type":"PropertyValueSpecification","valueRequired":true,"valueName":"search_term_string"}}],"inLanguage":"nl-NL"}]}},"_links":{"self":[{"href":"https:\/\/www.parckruger.com\/nl\/wp-json\/wp\/v2\/pages\/599","targetHints":{"allow":["GET"]}}],"collection":[{"href":"https:\/\/www.parckruger.com\/nl\/wp-json\/wp\/v2\/pages"}],"about":[{"href":"https:\/\/www.parckruger.com\/nl\/wp-json\/wp\/v2\/types\/page"}],"author":[{"embeddable":true,"href":"https:\/\/www.parckruger.com\/nl\/wp-json\/wp\/v2\/users\/1"}],"replies":[{"embeddable":true,"href":"https:\/\/www.parckruger.com\/nl\/wp-json\/wp\/v2\/comments?post=599"}],"version-history":[{"count":6,"href":"https:\/\/www.parckruger.com\/nl\/wp-json\/wp\/v2\/pages\/599\/revisions"}],"predecessor-version":[{"id":1651,"href":"https:\/\/www.parckruger.com\/nl\/wp-json\/wp\/v2\/pages\/599\/revisions\/1651"}],"wp:attachment":[{"href":"https:\/\/www.parckruger.com\/nl\/wp-json\/wp\/v2\/media?parent=599"}],"curies":[{"name":"wp","href":"https:\/\/api.w.org\/{rel}","templated":true}]}}