{"id":980,"date":"2015-08-05T13:10:50","date_gmt":"2015-08-05T12:10:50","guid":{"rendered":"http:\/\/www.parckruger.com\/?page_id=980"},"modified":"2015-08-18T16:33:20","modified_gmt":"2015-08-18T15:33:20","slug":"prix-et-horaires-des-portes","status":"publish","type":"page","link":"https:\/\/www.parckruger.com\/nl\/prix-et-horaires-des-portes\/","title":{"rendered":"Prijzen en dienstregelingen van de deuren"},"content":{"rendered":"<p>[et_pb_section transparent_background=\u00a0\u00bboff\u00a0\u00bb background_color=\u00a0\u00bb#000000&Prime; allow_player_pause=\u00a0\u00bboff\u00a0\u00bb inner_shadow=\u00a0\u00bboff\u00a0\u00bb parallax=\u00a0\u00bboff\u00a0\u00bb parallax_method=\u00a0\u00bboff\u00a0\u00bb padding_mobile=\u00a0\u00bboff\u00a0\u00bb make_fullwidth=\u00a0\u00bboff\u00a0\u00bb use_custom_width=\u00a0\u00bboff\u00a0\u00bb width_unit=\u00a0\u00bbon\u00a0\u00bb make_equal=\u00a0\u00bboff\u00a0\u00bb use_custom_gutter=\u00a0\u00bboff\u00a0\u00bb][et_pb_row][et_pb_column type=\u00a0\u00bb1_4&Prime;][et_pb_image admin_label=\u00a0\u00bbImage\u00a0\u00bb src=\u00a0\u00bbhttp:\/\/www.parckruger.com\/wp-content\/uploads\/2015\/08\/prix-kruger.png\u00a0\u00bb show_in_lightbox=\u00a0\u00bboff\u00a0\u00bb url_new_window=\u00a0\u00bboff\u00a0\u00bb animation=\u00a0\u00bbleft\u00a0\u00bb sticky=\u00a0\u00bboff\u00a0\u00bb align=\u00a0\u00bbleft\u00a0\u00bb force_fullwidth=\u00a0\u00bboff\u00a0\u00bb always_center_on_mobile=\u00a0\u00bbon\u00a0\u00bb use_border_color=\u00a0\u00bboff\u00a0\u00bb border_color=\u00a0\u00bb#ffffff\u00a0\u00bb border_style=\u00a0\u00bbsolid\u00a0\u00bb \/][\/et_pb_column][et_pb_column type=\u00a0\u00bb3_4&Prime;][et_pb_text admin_label=\u00a0\u00bbTexte\u00a0\u00bb background_layout=\u00a0\u00bblight\u00a0\u00bb text_orientation=\u00a0\u00bbleft\u00a0\u00bb use_border_color=\u00a0\u00bboff\u00a0\u00bb border_color=\u00a0\u00bb#ffffff\u00a0\u00bb border_style=\u00a0\u00bbsolid\u00a0\u00bb]<\/p>\n<h1><\/h1>\n<h1><span style=\"color: #ffffff;\">PRIX ET HORAIRES DES PORTES :<\/span><\/h1>\n<p>[\/et_pb_text][\/et_pb_column][\/et_pb_row][\/et_pb_section][et_pb_section fullwidth=\u00a0\u00bboff\u00a0\u00bb specialty=\u00a0\u00bboff\u00a0\u00bb transparent_background=\u00a0\u00bboff\u00a0\u00bb background_color=\u00a0\u00bb#000000&Prime; allow_player_pause=\u00a0\u00bboff\u00a0\u00bb inner_shadow=\u00a0\u00bboff\u00a0\u00bb parallax=\u00a0\u00bboff\u00a0\u00bb parallax_method=\u00a0\u00bboff\u00a0\u00bb padding_mobile=\u00a0\u00bboff\u00a0\u00bb make_fullwidth=\u00a0\u00bboff\u00a0\u00bb use_custom_width=\u00a0\u00bboff\u00a0\u00bb width_unit=\u00a0\u00bbon\u00a0\u00bb make_equal=\u00a0\u00bboff\u00a0\u00bb use_custom_gutter=\u00a0\u00bboff\u00a0\u00bb][et_pb_row][et_pb_column type=\u00a0\u00bb4_4&Prime;][et_pb_image admin_label=\u00a0\u00bbImage\u00a0\u00bb src=\u00a0\u00bbhttp:\/\/www.parckruger.com\/wp-content\/uploads\/2015\/08\/Capture-d\u2019\u00e9cran-2015-08-05-\u00e0-14.29.40.png\u00a0\u00bb show_in_lightbox=\u00a0\u00bboff\u00a0\u00bb url_new_window=\u00a0\u00bboff\u00a0\u00bb animation=\u00a0\u00bbbottom\u00a0\u00bb sticky=\u00a0\u00bboff\u00a0\u00bb align=\u00a0\u00bbcenter\u00a0\u00bb force_fullwidth=\u00a0\u00bboff\u00a0\u00bb always_center_on_mobile=\u00a0\u00bbon\u00a0\u00bb use_border_color=\u00a0\u00bboff\u00a0\u00bb border_color=\u00a0\u00bb#ffffff\u00a0\u00bb border_style=\u00a0\u00bbsolid\u00a0\u00bb \/][\/et_pb_column][\/et_pb_row][et_pb_row][et_pb_column type=\u00a0\u00bb4_4&Prime;][et_pb_image admin_label=\u00a0\u00bbImage\u00a0\u00bb src=\u00a0\u00bbhttp:\/\/www.parckruger.com\/wp-content\/uploads\/2015\/08\/Capture-d\u2019\u00e9cran-2015-08-05-\u00e0-14.35.51.png\u00a0\u00bb show_in_lightbox=\u00a0\u00bboff\u00a0\u00bb url_new_window=\u00a0\u00bboff\u00a0\u00bb animation=\u00a0\u00bbbottom\u00a0\u00bb sticky=\u00a0\u00bboff\u00a0\u00bb align=\u00a0\u00bbcenter\u00a0\u00bb force_fullwidth=\u00a0\u00bboff\u00a0\u00bb always_center_on_mobile=\u00a0\u00bbon\u00a0\u00bb use_border_color=\u00a0\u00bboff\u00a0\u00bb border_color=\u00a0\u00bb#ffffff\u00a0\u00bb border_style=\u00a0\u00bbsolid\u00a0\u00bb \/][\/et_pb_column][\/et_pb_row][\/et_pb_section]<\/p>","protected":false},"excerpt":{"rendered":"<p><div class=\"et_pb_row et_pb_row_0 et_pb_row_empty\">\n\t\t\t\t\n\t\t\t\t\n\t\t\t\t\n\t\t\t\t\n\t\t\t\t\n\t\t\t<\/div> PRIX ET HORAIRES DES PORTES : <div class=\"et_pb_row et_pb_row_1 et_pb_row_empty\">\n\t\t\t\t\n\t\t\t\t\n\t\t\t\t\n\t\t\t\t\n\t\t\t\t\n\t\t\t<\/div><div class=\"et_pb_row et_pb_row_2 et_pb_row_empty\">\n\t\t\t\t\n\t\t\t\t\n\t\t\t\t\n\t\t\t\t\n\t\t\t\t\n\t\t\t<\/div><\/p>","protected":false},"author":1,"featured_media":0,"parent":0,"menu_order":0,"comment_status":"open","ping_status":"open","template":"","meta":{"_et_pb_use_builder":"on","_et_pb_old_content":"","_et_gb_content_width":"","footnotes":""},"class_list":["post-980","page","type-page","status-publish","hentry"],"yoast_head":"<!-- This site is optimized with the Yoast SEO plugin v26.5 - https:\/\/yoast.com\/wordpress\/plugins\/seo\/ -->\n<title>Prix et horaires des portes parc kruger<\/title>\n<meta name=\"description\" content=\"Prix et horaires des portes du parc kruger en Afrique du Sud, toutes les informations dont vous avez besoin pour cr\u00e9er votre voyage en Afrique du sud.\" \/>\n<meta name=\"robots\" content=\"index, follow, max-snippet:-1, max-image-preview:large, max-video-preview:-1\" \/>\n<link rel=\"canonical\" href=\"https:\/\/www.parckruger.com\/nl\/prix-et-horaires-des-portes\/\" \/>\n<meta property=\"og:locale\" content=\"nl_NL\" \/>\n<meta property=\"og:type\" content=\"article\" \/>\n<meta property=\"og:title\" content=\"Prix et horaires des portes parc kruger\" \/>\n<meta property=\"og:description\" content=\"Prix et horaires des portes du parc kruger en Afrique du Sud, toutes les informations dont vous avez besoin pour cr\u00e9er votre voyage en Afrique du sud.\" \/>\n<meta property=\"og:url\" content=\"https:\/\/www.parckruger.com\/nl\/prix-et-horaires-des-portes\/\" \/>\n<meta property=\"og:site_name\" content=\"Parc Kruger - Safari Afrique du Sud\" \/>\n<meta property=\"article:modified_time\" content=\"2015-08-18T15:33:20+00:00\" \/>\n<meta name=\"twitter:card\" content=\"summary_large_image\" \/>\n<meta name=\"twitter:label1\" content=\"Geschatte leestijd\" \/>\n\t<meta name=\"twitter:data1\" content=\"2 minuten\" \/>\n<script type=\"application\/ld+json\" class=\"yoast-schema-graph\">{\"@context\":\"https:\/\/schema.org\",\"@graph\":[{\"@type\":\"WebPage\",\"@id\":\"https:\/\/www.parckruger.com\/prix-et-horaires-des-portes\/\",\"url\":\"https:\/\/www.parckruger.com\/prix-et-horaires-des-portes\/\",\"name\":\"Prix et horaires des portes parc kruger\",\"isPartOf\":{\"@id\":\"https:\/\/www.parckruger.com\/#website\"},\"datePublished\":\"2015-08-05T12:10:50+00:00\",\"dateModified\":\"2015-08-18T15:33:20+00:00\",\"description\":\"Prix et horaires des portes du parc kruger en Afrique du Sud, toutes les informations dont vous avez besoin pour cr\u00e9er votre voyage en Afrique du sud.\",\"breadcrumb\":{\"@id\":\"https:\/\/www.parckruger.com\/prix-et-horaires-des-portes\/#breadcrumb\"},\"inLanguage\":\"nl-NL\",\"potentialAction\":[{\"@type\":\"ReadAction\",\"target\":[\"https:\/\/www.parckruger.com\/prix-et-horaires-des-portes\/\"]}]},{\"@type\":\"BreadcrumbList\",\"@id\":\"https:\/\/www.parckruger.com\/prix-et-horaires-des-portes\/#breadcrumb\",\"itemListElement\":[{\"@type\":\"ListItem\",\"position\":1,\"name\":\"Accueil\",\"item\":\"https:\/\/www.parckruger.com\/\"},{\"@type\":\"ListItem\",\"position\":2,\"name\":\"Prix et horaires des portes\"}]},{\"@type\":\"WebSite\",\"@id\":\"https:\/\/www.parckruger.com\/#website\",\"url\":\"https:\/\/www.parckruger.com\/\",\"name\":\"Parc Kruger - Safari Afrique du Sud\",\"description\":\"Toutes les infos utiles sur le parc Kruger en Afrique du sud, hotel et lodges, m\u00e9t\u00e9o et climat, prix d&#039;entr\u00e9e, vaccins, malaria, safaris, r\u00e9serves, cartes, plans et itin\u00e9raires.\",\"potentialAction\":[{\"@type\":\"SearchAction\",\"target\":{\"@type\":\"EntryPoint\",\"urlTemplate\":\"https:\/\/www.parckruger.com\/?s={search_term_string}\"},\"query-input\":{\"@type\":\"PropertyValueSpecification\",\"valueRequired\":true,\"valueName\":\"search_term_string\"}}],\"inLanguage\":\"nl-NL\"}]}<\/script>\n<!-- \/ Yoast SEO plugin. -->","yoast_head_json":{"title":"Prix et horaires des portes parc kruger","description":"Prix et horaires des portes du parc kruger en Afrique du Sud, toutes les informations dont vous avez besoin pour cr\u00e9er votre voyage en Afrique du sud.","robots":{"index":"index","follow":"follow","max-snippet":"max-snippet:-1","max-image-preview":"max-image-preview:large","max-video-preview":"max-video-preview:-1"},"canonical":"https:\/\/www.parckruger.com\/nl\/prix-et-horaires-des-portes\/","og_locale":"nl_NL","og_type":"article","og_title":"Prix et horaires des portes parc kruger","og_description":"Prix et horaires des portes du parc kruger en Afrique du Sud, toutes les informations dont vous avez besoin pour cr\u00e9er votre voyage en Afrique du sud.","og_url":"https:\/\/www.parckruger.com\/nl\/prix-et-horaires-des-portes\/","og_site_name":"Parc Kruger - Safari Afrique du Sud","article_modified_time":"2015-08-18T15:33:20+00:00","twitter_card":"summary_large_image","twitter_misc":{"Geschatte leestijd":"2 minuten"},"schema":{"@context":"https:\/\/schema.org","@graph":[{"@type":"WebPage","@id":"https:\/\/www.parckruger.com\/prix-et-horaires-des-portes\/","url":"https:\/\/www.parckruger.com\/prix-et-horaires-des-portes\/","name":"Prix et horaires des portes parc kruger","isPartOf":{"@id":"https:\/\/www.parckruger.com\/#website"},"datePublished":"2015-08-05T12:10:50+00:00","dateModified":"2015-08-18T15:33:20+00:00","description":"Prix et horaires des portes du parc kruger en Afrique du Sud, toutes les informations dont vous avez besoin pour cr\u00e9er votre voyage en Afrique du sud.","breadcrumb":{"@id":"https:\/\/www.parckruger.com\/prix-et-horaires-des-portes\/#breadcrumb"},"inLanguage":"nl-NL","potentialAction":[{"@type":"ReadAction","target":["https:\/\/www.parckruger.com\/prix-et-horaires-des-portes\/"]}]},{"@type":"BreadcrumbList","@id":"https:\/\/www.parckruger.com\/prix-et-horaires-des-portes\/#breadcrumb","itemListElement":[{"@type":"ListItem","position":1,"name":"Accueil","item":"https:\/\/www.parckruger.com\/"},{"@type":"ListItem","position":2,"name":"Prix et horaires des portes"}]},{"@type":"WebSite","@id":"https:\/\/www.parckruger.com\/#website","url":"https:\/\/www.parckruger.com\/","name":"Parc Kruger - Safari Afrique du Sud","description":"Toutes les infos utiles sur le parc Kruger en Afrique du sud, hotel et lodges, m\u00e9t\u00e9o et climat, prix d&#039;entr\u00e9e, vaccins, malaria, safaris, r\u00e9serves, cartes, plans et itin\u00e9raires.","potentialAction":[{"@type":"SearchAction","target":{"@type":"EntryPoint","urlTemplate":"https:\/\/www.parckruger.com\/?s={search_term_string}"},"query-input":{"@type":"PropertyValueSpecification","valueRequired":true,"valueName":"search_term_string"}}],"inLanguage":"nl-NL"}]}},"_links":{"self":[{"href":"https:\/\/www.parckruger.com\/nl\/wp-json\/wp\/v2\/pages\/980","targetHints":{"allow":["GET"]}}],"collection":[{"href":"https:\/\/www.parckruger.com\/nl\/wp-json\/wp\/v2\/pages"}],"about":[{"href":"https:\/\/www.parckruger.com\/nl\/wp-json\/wp\/v2\/types\/page"}],"author":[{"embeddable":true,"href":"https:\/\/www.parckruger.com\/nl\/wp-json\/wp\/v2\/users\/1"}],"replies":[{"embeddable":true,"href":"https:\/\/www.parckruger.com\/nl\/wp-json\/wp\/v2\/comments?post=980"}],"version-history":[{"count":5,"href":"https:\/\/www.parckruger.com\/nl\/wp-json\/wp\/v2\/pages\/980\/revisions"}],"predecessor-version":[{"id":991,"href":"https:\/\/www.parckruger.com\/nl\/wp-json\/wp\/v2\/pages\/980\/revisions\/991"}],"wp:attachment":[{"href":"https:\/\/www.parckruger.com\/nl\/wp-json\/wp\/v2\/media?parent=980"}],"curies":[{"name":"wp","href":"https:\/\/api.w.org\/{rel}","templated":true}]}}